{"id":131237,"date":"2022-07-12T16:14:42","date_gmt":"2022-07-12T20:14:42","guid":{"rendered":"https:\/\/setonshrine.org\/?page_id=131237"},"modified":"2025-07-28T08:32:13","modified_gmt":"2025-07-28T12:32:13","slug":"support-the-mother-seton-fund-2025-26","status":"publish","type":"page","link":"https:\/\/setonshrine.org\/es\/support-the-mother-seton-fund-2025-26\/","title":{"rendered":"Support The Mother Seton Fund 2025-26"},"content":{"rendered":"<h1>Support The Mother Seton Fund 2025-26<\/h1>\n<h2>Please help us to reach our goal for fiscal year 2025-26 by participating in The Mother Seton Fund.<\/h2>\n<p><strong>Fondo Madre Seton<\/strong> ha sido creado para recaudar los fondos necesarios para hacer crecer y sostener la misi\u00f3n del Santuario de Seton de promover la vida y el legado de Santa Isabel Ana Seton a un mundo necesitado del amor sanador de Dios.<\/p>\n<p><strong>Un santo para nuestro tiempo.<\/strong> En Santa Isabel Ana Seton, la primera santa nacida en Estados Unidos, tenemos a una mujer de fe, para una \u00e9poca de dudas e incertidumbre. Una mujer de amor, para un tiempo de frialdad y divisi\u00f3n. Una mujer de esperanza, para una \u00e9poca de crisis y des\u00e1nimo.<\/p>\n<p><strong>Causa impacto.<\/strong> \u00danete a nosotros para difundir el mensaje de fe y esperanza de la Madre Seton a los miles de peregrinos que visitan el Santuario Nacional de Santa Isabel Ana Seton, y a todas las personas que necesitan el amor y la misericordia de Dios.<\/p>\n<p><a href=\"https:\/\/setonshrine.givingfuel.com\/mother-seton-fund-2025-26\"><b data-olk-copy-source=\"MessageBody\">Haga clic aqu\u00ed<\/b><\/a> to give a gift to the Mother Seton Fund. Your gift supports the mission of the Seton Shrine to share the life and legacy of St. Elizabeth Ann Seton in our Basilica, Museum, Historic Homes, and programs.<\/p>\n<p>Thank you!<a href=\"https:\/\/setonshrine.org\/es\/communicating-mother-setons-legacy-to-the-world\/\"><br \/>\n<\/a><\/p>","protected":false},"excerpt":{"rendered":"<p>Support The Mother Seton Fund 2025-26 Please help us to reach our goal for fiscal year 2025-26 by participating in&#8230;<\/p>","protected":false},"author":397,"featured_media":0,"parent":0,"menu_order":0,"comment_status":"closed","ping_status":"closed","template":"elementor_header_footer","meta":{"_acf_changed":false,"footnotes":""},"categories":[],"tags":[],"class_list":["post-131237","page","type-page","status-publish","hentry"],"acf":[],"yoast_head":"<!-- This site is optimized with the Yoast SEO plugin v27.3 - https:\/\/yoast.com\/product\/yoast-seo-wordpress\/ -->\n<title>Support The Mother Seton Fund 2025-26 - Seton Shrine<\/title>\n<meta name=\"robots\" content=\"index, follow, max-snippet:-1, max-image-preview:large, max-video-preview:-1\" \/>\n<link rel=\"canonical\" href=\"https:\/\/setonshrine.org\/es\/support-the-mother-seton-fund-2025-26\/\" \/>\n<meta name=\"twitter:card\" content=\"summary_large_image\" \/>\n<meta name=\"twitter:title\" content=\"Support The Mother Seton Fund 2025-26 - Seton Shrine\" \/>\n<meta name=\"twitter:description\" content=\"Support The Mother Seton Fund 2025-26 Please help us to reach our goal for fiscal year 2025-26 by participating in...\" \/>\n<meta name=\"twitter:site\" content=\"@SetonShrine\" \/>\n<meta name=\"twitter:label1\" content=\"Est. reading time\" \/>\n\t<meta name=\"twitter:data1\" content=\"1 minuto\" \/>\n<script type=\"application\/ld+json\" class=\"yoast-schema-graph\">{\"@context\":\"https:\\\/\\\/schema.org\",\"@graph\":[{\"@type\":\"WebPage\",\"@id\":\"https:\\\/\\\/setonshrine.org\\\/support-the-mother-seton-fund-2025-26\\\/\",\"url\":\"https:\\\/\\\/setonshrine.org\\\/support-the-mother-seton-fund-2025-26\\\/\",\"name\":\"Support The Mother Seton Fund 2025-26 - Seton Shrine\",\"isPartOf\":{\"@id\":\"https:\\\/\\\/setonshrine.org\\\/#website\"},\"datePublished\":\"2022-07-12T20:14:42+00:00\",\"dateModified\":\"2025-07-28T12:32:13+00:00\",\"breadcrumb\":{\"@id\":\"https:\\\/\\\/setonshrine.org\\\/support-the-mother-seton-fund-2025-26\\\/#breadcrumb\"},\"inLanguage\":\"es-MX\",\"potentialAction\":[{\"@type\":\"ReadAction\",\"target\":[\"https:\\\/\\\/setonshrine.org\\\/support-the-mother-seton-fund-2025-26\\\/\"]}]},{\"@type\":\"BreadcrumbList\",\"@id\":\"https:\\\/\\\/setonshrine.org\\\/support-the-mother-seton-fund-2025-26\\\/#breadcrumb\",\"itemListElement\":[{\"@type\":\"ListItem\",\"position\":1,\"name\":\"Home\",\"item\":\"https:\\\/\\\/setonshrine.org\\\/\"},{\"@type\":\"ListItem\",\"position\":2,\"name\":\"Support The Mother Seton Fund 2025-26\"}]},{\"@type\":\"WebSite\",\"@id\":\"https:\\\/\\\/setonshrine.org\\\/#website\",\"url\":\"https:\\\/\\\/setonshrine.org\\\/\",\"name\":\"Seton Shrine\",\"description\":\"We Welcome Everyone at The National Shrine of Saint Elizabeth Ann Seton\",\"potentialAction\":[{\"@type\":\"SearchAction\",\"target\":{\"@type\":\"EntryPoint\",\"urlTemplate\":\"https:\\\/\\\/setonshrine.org\\\/?s={search_term_string}\"},\"query-input\":{\"@type\":\"PropertyValueSpecification\",\"valueRequired\":true,\"valueName\":\"search_term_string\"}}],\"inLanguage\":\"es-MX\"}]}<\/script>\n<!-- \/ Yoast SEO plugin. -->","yoast_head_json":{"title":"Support The Mother Seton Fund 2025-26 - Seton Shrine","robots":{"index":"index","follow":"follow","max-snippet":"max-snippet:-1","max-image-preview":"max-image-preview:large","max-video-preview":"max-video-preview:-1"},"canonical":"https:\/\/setonshrine.org\/es\/support-the-mother-seton-fund-2025-26\/","twitter_card":"summary_large_image","twitter_title":"Support The Mother Seton Fund 2025-26 - Seton Shrine","twitter_description":"Support The Mother Seton Fund 2025-26 Please help us to reach our goal for fiscal year 2025-26 by participating in...","twitter_site":"@SetonShrine","twitter_misc":{"Est. reading time":"1 minuto"},"schema":{"@context":"https:\/\/schema.org","@graph":[{"@type":"WebPage","@id":"https:\/\/setonshrine.org\/support-the-mother-seton-fund-2025-26\/","url":"https:\/\/setonshrine.org\/support-the-mother-seton-fund-2025-26\/","name":"Support The Mother Seton Fund 2025-26 - Seton Shrine","isPartOf":{"@id":"https:\/\/setonshrine.org\/#website"},"datePublished":"2022-07-12T20:14:42+00:00","dateModified":"2025-07-28T12:32:13+00:00","breadcrumb":{"@id":"https:\/\/setonshrine.org\/support-the-mother-seton-fund-2025-26\/#breadcrumb"},"inLanguage":"es-MX","potentialAction":[{"@type":"ReadAction","target":["https:\/\/setonshrine.org\/support-the-mother-seton-fund-2025-26\/"]}]},{"@type":"BreadcrumbList","@id":"https:\/\/setonshrine.org\/support-the-mother-seton-fund-2025-26\/#breadcrumb","itemListElement":[{"@type":"ListItem","position":1,"name":"Home","item":"https:\/\/setonshrine.org\/"},{"@type":"ListItem","position":2,"name":"Support The Mother Seton Fund 2025-26"}]},{"@type":"WebSite","@id":"https:\/\/setonshrine.org\/#website","url":"https:\/\/setonshrine.org\/","name":"Santuario de Seton","description":"Damos la bienvenida a todos en el Santuario Nacional de Santa Isabel Ana Seton","potentialAction":[{"@type":"SearchAction","target":{"@type":"EntryPoint","urlTemplate":"https:\/\/setonshrine.org\/?s={search_term_string}"},"query-input":{"@type":"PropertyValueSpecification","valueRequired":true,"valueName":"search_term_string"}}],"inLanguage":"es-MX"}]}},"_links":{"self":[{"href":"https:\/\/setonshrine.org\/es\/wp-json\/wp\/v2\/pages\/131237","targetHints":{"allow":["GET"]}}],"collection":[{"href":"https:\/\/setonshrine.org\/es\/wp-json\/wp\/v2\/pages"}],"about":[{"href":"https:\/\/setonshrine.org\/es\/wp-json\/wp\/v2\/types\/page"}],"author":[{"embeddable":true,"href":"https:\/\/setonshrine.org\/es\/wp-json\/wp\/v2\/users\/397"}],"replies":[{"embeddable":true,"href":"https:\/\/setonshrine.org\/es\/wp-json\/wp\/v2\/comments?post=131237"}],"version-history":[{"count":0,"href":"https:\/\/setonshrine.org\/es\/wp-json\/wp\/v2\/pages\/131237\/revisions"}],"wp:attachment":[{"href":"https:\/\/setonshrine.org\/es\/wp-json\/wp\/v2\/media?parent=131237"}],"wp:term":[{"taxonomy":"category","embeddable":true,"href":"https:\/\/setonshrine.org\/es\/wp-json\/wp\/v2\/categories?post=131237"},{"taxonomy":"post_tag","embeddable":true,"href":"https:\/\/setonshrine.org\/es\/wp-json\/wp\/v2\/tags?post=131237"}],"curies":[{"name":"wp","href":"https:\/\/api.w.org\/{rel}","templated":true}]}}