{"id":138306,"date":"2022-09-19T18:08:46","date_gmt":"2022-09-19T22:08:46","guid":{"rendered":"https:\/\/setonshrine.org\/?page_id=138306"},"modified":"2025-08-22T10:16:52","modified_gmt":"2025-08-22T14:16:52","slug":"sea-service-enrollment","status":"publish","type":"page","link":"https:\/\/setonshrine.org\/es\/sea-service-enrollment\/","title":{"rendered":"Honrar a los que prestan servicio en el mar"},"content":{"rendered":"<div data-elementor-type=\"wp-page\" data-elementor-id=\"138306\" class=\"elementor elementor-138306\" data-elementor-post-type=\"page\">\n\t\t\t\t\t\t<section class=\"elementor-section elementor-top-section elementor-element elementor-element-35d2bcd3 elementor-section-boxed elementor-section-height-default elementor-section-height-default\" data-id=\"35d2bcd3\" data-element_type=\"section\">\n\t\t\t\t\t\t<div class=\"elementor-container elementor-column-gap-default\">\n\t\t\t\t\t<div class=\"elementor-column elementor-col-100 elementor-top-column elementor-element elementor-element-49a59bff\" data-id=\"49a59bff\" data-element_type=\"column\">\n\t\t\t<div class=\"elementor-widget-wrap elementor-element-populated\">\n\t\t\t\t\t\t\t<\/div>\n\t\t<\/div>\n\t\t\t\t\t<\/div>\n\t\t<\/section>\n\t\t\t\t<\/div>","protected":false},"excerpt":{"rendered":"","protected":false},"author":397,"featured_media":0,"parent":0,"menu_order":0,"comment_status":"closed","ping_status":"closed","template":"templates\/full-width.php","meta":{"_acf_changed":false,"footnotes":""},"categories":[],"tags":[],"class_list":["post-138306","page","type-page","status-publish","hentry"],"acf":[],"yoast_head":"<!-- This site is optimized with the Yoast SEO plugin v27.3 - https:\/\/yoast.com\/product\/yoast-seo-wordpress\/ -->\n<title>St. Elizabeth Ann Seton Prayer Offering | Seton Shrine<\/title>\n<meta name=\"description\" content=\"On St. Elizabeth Ann Seton&#039;s canonization anniversary, honor your loved ones by enrolling them in a special prayer offering.\" \/>\n<meta name=\"robots\" content=\"index, follow, max-snippet:-1, max-image-preview:large, max-video-preview:-1\" \/>\n<link rel=\"canonical\" href=\"https:\/\/setonshrine.org\/es\/sea-service-enrollment\/\" \/>\n<meta name=\"twitter:card\" content=\"summary_large_image\" \/>\n<meta name=\"twitter:title\" content=\"St. Elizabeth Ann Seton Prayer Offering | Seton Shrine\" \/>\n<meta name=\"twitter:description\" content=\"On St. Elizabeth Ann Seton&#039;s canonization anniversary, honor your loved ones by enrolling them in a special prayer offering.\" \/>\n<meta name=\"twitter:site\" content=\"@SetonShrine\" \/>\n<meta name=\"twitter:label1\" content=\"Est. reading time\" \/>\n\t<meta name=\"twitter:data1\" content=\"2 minutos\" \/>\n<script type=\"application\/ld+json\" class=\"yoast-schema-graph\">{\"@context\":\"https:\\\/\\\/schema.org\",\"@graph\":[{\"@type\":\"WebPage\",\"@id\":\"https:\\\/\\\/setonshrine.org\\\/sea-service-enrollment\\\/\",\"url\":\"https:\\\/\\\/setonshrine.org\\\/sea-service-enrollment\\\/\",\"name\":\"St. Elizabeth Ann Seton Prayer Offering | Seton Shrine\",\"isPartOf\":{\"@id\":\"https:\\\/\\\/setonshrine.org\\\/#website\"},\"datePublished\":\"2022-09-19T22:08:46+00:00\",\"dateModified\":\"2025-08-22T14:16:52+00:00\",\"description\":\"On St. Elizabeth Ann Seton's canonization anniversary, honor your loved ones by enrolling them in a special prayer offering.\",\"breadcrumb\":{\"@id\":\"https:\\\/\\\/setonshrine.org\\\/sea-service-enrollment\\\/#breadcrumb\"},\"inLanguage\":\"es-MX\",\"potentialAction\":[{\"@type\":\"ReadAction\",\"target\":[\"https:\\\/\\\/setonshrine.org\\\/sea-service-enrollment\\\/\"]}]},{\"@type\":\"BreadcrumbList\",\"@id\":\"https:\\\/\\\/setonshrine.org\\\/sea-service-enrollment\\\/#breadcrumb\",\"itemListElement\":[{\"@type\":\"ListItem\",\"position\":1,\"name\":\"Home\",\"item\":\"https:\\\/\\\/setonshrine.org\\\/\"},{\"@type\":\"ListItem\",\"position\":2,\"name\":\"Honor Those Serving in the Sea Services\"}]},{\"@type\":\"WebSite\",\"@id\":\"https:\\\/\\\/setonshrine.org\\\/#website\",\"url\":\"https:\\\/\\\/setonshrine.org\\\/\",\"name\":\"Seton Shrine\",\"description\":\"We Welcome Everyone at The National Shrine of Saint Elizabeth Ann Seton\",\"potentialAction\":[{\"@type\":\"SearchAction\",\"target\":{\"@type\":\"EntryPoint\",\"urlTemplate\":\"https:\\\/\\\/setonshrine.org\\\/?s={search_term_string}\"},\"query-input\":{\"@type\":\"PropertyValueSpecification\",\"valueRequired\":true,\"valueName\":\"search_term_string\"}}],\"inLanguage\":\"es-MX\"}]}<\/script>\n<!-- \/ Yoast SEO plugin. -->","yoast_head_json":{"title":"Ofrenda de oraci\u00f3n por Santa Isabel Ana Seton | Santuario de Seton","description":"En el aniversario de la canonizaci\u00f3n de Santa Isabel Ana Seton, honre a sus seres queridos inscribi\u00e9ndolos en una ofrenda especial de oraci\u00f3n.","robots":{"index":"index","follow":"follow","max-snippet":"max-snippet:-1","max-image-preview":"max-image-preview:large","max-video-preview":"max-video-preview:-1"},"canonical":"https:\/\/setonshrine.org\/es\/sea-service-enrollment\/","twitter_card":"summary_large_image","twitter_title":"St. Elizabeth Ann Seton Prayer Offering | Seton Shrine","twitter_description":"On St. Elizabeth Ann Seton's canonization anniversary, honor your loved ones by enrolling them in a special prayer offering.","twitter_site":"@SetonShrine","twitter_misc":{"Est. reading time":"2 minutos"},"schema":{"@context":"https:\/\/schema.org","@graph":[{"@type":"WebPage","@id":"https:\/\/setonshrine.org\/sea-service-enrollment\/","url":"https:\/\/setonshrine.org\/sea-service-enrollment\/","name":"Ofrenda de oraci\u00f3n por Santa Isabel Ana Seton | Santuario de Seton","isPartOf":{"@id":"https:\/\/setonshrine.org\/#website"},"datePublished":"2022-09-19T22:08:46+00:00","dateModified":"2025-08-22T14:16:52+00:00","description":"En el aniversario de la canonizaci\u00f3n de Santa Isabel Ana Seton, honre a sus seres queridos inscribi\u00e9ndolos en una ofrenda especial de oraci\u00f3n.","breadcrumb":{"@id":"https:\/\/setonshrine.org\/sea-service-enrollment\/#breadcrumb"},"inLanguage":"es-MX","potentialAction":[{"@type":"ReadAction","target":["https:\/\/setonshrine.org\/sea-service-enrollment\/"]}]},{"@type":"BreadcrumbList","@id":"https:\/\/setonshrine.org\/sea-service-enrollment\/#breadcrumb","itemListElement":[{"@type":"ListItem","position":1,"name":"Home","item":"https:\/\/setonshrine.org\/"},{"@type":"ListItem","position":2,"name":"Honor Those Serving in the Sea Services"}]},{"@type":"WebSite","@id":"https:\/\/setonshrine.org\/#website","url":"https:\/\/setonshrine.org\/","name":"Santuario de Seton","description":"Damos la bienvenida a todos en el Santuario Nacional de Santa Isabel Ana Seton","potentialAction":[{"@type":"SearchAction","target":{"@type":"EntryPoint","urlTemplate":"https:\/\/setonshrine.org\/?s={search_term_string}"},"query-input":{"@type":"PropertyValueSpecification","valueRequired":true,"valueName":"search_term_string"}}],"inLanguage":"es-MX"}]}},"_links":{"self":[{"href":"https:\/\/setonshrine.org\/es\/wp-json\/wp\/v2\/pages\/138306","targetHints":{"allow":["GET"]}}],"collection":[{"href":"https:\/\/setonshrine.org\/es\/wp-json\/wp\/v2\/pages"}],"about":[{"href":"https:\/\/setonshrine.org\/es\/wp-json\/wp\/v2\/types\/page"}],"author":[{"embeddable":true,"href":"https:\/\/setonshrine.org\/es\/wp-json\/wp\/v2\/users\/397"}],"replies":[{"embeddable":true,"href":"https:\/\/setonshrine.org\/es\/wp-json\/wp\/v2\/comments?post=138306"}],"version-history":[{"count":0,"href":"https:\/\/setonshrine.org\/es\/wp-json\/wp\/v2\/pages\/138306\/revisions"}],"wp:attachment":[{"href":"https:\/\/setonshrine.org\/es\/wp-json\/wp\/v2\/media?parent=138306"}],"wp:term":[{"taxonomy":"category","embeddable":true,"href":"https:\/\/setonshrine.org\/es\/wp-json\/wp\/v2\/categories?post=138306"},{"taxonomy":"post_tag","embeddable":true,"href":"https:\/\/setonshrine.org\/es\/wp-json\/wp\/v2\/tags?post=138306"}],"curies":[{"name":"wp","href":"https:\/\/api.w.org\/{rel}","templated":true}]}}