{"id":144,"date":"2016-01-28T18:58:02","date_gmt":"2016-01-28T18:58:02","guid":{"rendered":"https:\/\/setonshrine.org\/?page_id=144"},"modified":"2026-04-20T09:02:09","modified_gmt":"2026-04-20T13:02:09","slug":"misa-y-confesion","status":"publish","type":"page","link":"https:\/\/setonshrine.org\/es\/mass-and-confession\/","title":{"rendered":"\u00danase a nosotros en la oraci\u00f3n"},"content":{"rendered":"","protected":false},"excerpt":{"rendered":"","protected":false},"author":161,"featured_media":0,"parent":0,"menu_order":0,"comment_status":"closed","ping_status":"closed","template":"templates\/join-us-prayer.php","meta":{"_acf_changed":false,"footnotes":""},"categories":[],"tags":[],"class_list":["post-144","page","type-page","status-publish","hentry"],"acf":[],"yoast_head":"<!-- This site is optimized with the Yoast SEO plugin v27.3 - https:\/\/yoast.com\/product\/yoast-seo-wordpress\/ -->\n<title>Join us in Prayer at the Shrine of Elizabeth Ann Seton<\/title>\n<meta name=\"description\" content=\"Prayer and worship are central to the Catholic faith, as well as other faiths, whether done individually or with others. We welcome all to join us.\" \/>\n<meta name=\"robots\" content=\"index, follow, max-snippet:-1, max-image-preview:large, max-video-preview:-1\" \/>\n<link rel=\"canonical\" href=\"https:\/\/setonshrine.org\/es\/misa-y-confesion\/\" \/>\n<meta name=\"twitter:card\" content=\"summary_large_image\" \/>\n<meta name=\"twitter:title\" content=\"Join us in Prayer at the Shrine of Elizabeth Ann Seton\" \/>\n<meta name=\"twitter:description\" content=\"Prayer and worship are central to the Catholic faith, as well as other faiths, whether done individually or with others. We welcome all to join us.\" \/>\n<meta name=\"twitter:site\" content=\"@SetonShrine\" \/>\n<meta name=\"twitter:label1\" content=\"Est. reading time\" \/>\n\t<meta name=\"twitter:data1\" content=\"3 minutos\" \/>\n<script type=\"application\/ld+json\" class=\"yoast-schema-graph\">{\"@context\":\"https:\\\/\\\/schema.org\",\"@graph\":[{\"@type\":\"WebPage\",\"@id\":\"https:\\\/\\\/setonshrine.org\\\/mass-and-confession\\\/\",\"url\":\"https:\\\/\\\/setonshrine.org\\\/mass-and-confession\\\/\",\"name\":\"Join us in Prayer at the Shrine of Elizabeth Ann Seton\",\"isPartOf\":{\"@id\":\"https:\\\/\\\/setonshrine.org\\\/#website\"},\"datePublished\":\"2016-01-28T18:58:02+00:00\",\"dateModified\":\"2026-04-20T13:02:09+00:00\",\"description\":\"Prayer and worship are central to the Catholic faith, as well as other faiths, whether done individually or with others. We welcome all to join us.\",\"breadcrumb\":{\"@id\":\"https:\\\/\\\/setonshrine.org\\\/mass-and-confession\\\/#breadcrumb\"},\"inLanguage\":\"es-MX\",\"potentialAction\":[{\"@type\":\"ReadAction\",\"target\":[\"https:\\\/\\\/setonshrine.org\\\/mass-and-confession\\\/\"]}]},{\"@type\":\"BreadcrumbList\",\"@id\":\"https:\\\/\\\/setonshrine.org\\\/mass-and-confession\\\/#breadcrumb\",\"itemListElement\":[{\"@type\":\"ListItem\",\"position\":1,\"name\":\"Home\",\"item\":\"https:\\\/\\\/setonshrine.org\\\/\"},{\"@type\":\"ListItem\",\"position\":2,\"name\":\"Join Us in Prayer\"}]},{\"@type\":\"WebSite\",\"@id\":\"https:\\\/\\\/setonshrine.org\\\/#website\",\"url\":\"https:\\\/\\\/setonshrine.org\\\/\",\"name\":\"Seton Shrine\",\"description\":\"We Welcome Everyone at The National Shrine of Saint Elizabeth Ann Seton\",\"potentialAction\":[{\"@type\":\"SearchAction\",\"target\":{\"@type\":\"EntryPoint\",\"urlTemplate\":\"https:\\\/\\\/setonshrine.org\\\/?s={search_term_string}\"},\"query-input\":{\"@type\":\"PropertyValueSpecification\",\"valueRequired\":true,\"valueName\":\"search_term_string\"}}],\"inLanguage\":\"es-MX\"}]}<\/script>\n<!-- \/ Yoast SEO plugin. -->","yoast_head_json":{"title":"\u00danase a nosotros en oraci\u00f3n en el Santuario de Elizabeth Ann Seton","description":"La oraci\u00f3n y el culto son elementos centrales de la fe cat\u00f3lica, as\u00ed como de otras religiones, tanto si se realizan individualmente como en compa\u00f1\u00eda de otras personas. Invitamos a todos a unirse a nosotros.","robots":{"index":"index","follow":"follow","max-snippet":"max-snippet:-1","max-image-preview":"max-image-preview:large","max-video-preview":"max-video-preview:-1"},"canonical":"https:\/\/setonshrine.org\/es\/misa-y-confesion\/","twitter_card":"summary_large_image","twitter_title":"Join us in Prayer at the Shrine of Elizabeth Ann Seton","twitter_description":"Prayer and worship are central to the Catholic faith, as well as other faiths, whether done individually or with others. We welcome all to join us.","twitter_site":"@SetonShrine","twitter_misc":{"Est. reading time":"3 minutos"},"schema":{"@context":"https:\/\/schema.org","@graph":[{"@type":"WebPage","@id":"https:\/\/setonshrine.org\/mass-and-confession\/","url":"https:\/\/setonshrine.org\/mass-and-confession\/","name":"\u00danase a nosotros en oraci\u00f3n en el Santuario de Elizabeth Ann Seton","isPartOf":{"@id":"https:\/\/setonshrine.org\/#website"},"datePublished":"2016-01-28T18:58:02+00:00","dateModified":"2026-04-20T13:02:09+00:00","description":"La oraci\u00f3n y el culto son elementos centrales de la fe cat\u00f3lica, as\u00ed como de otras religiones, tanto si se realizan individualmente como en compa\u00f1\u00eda de otras personas. Invitamos a todos a unirse a nosotros.","breadcrumb":{"@id":"https:\/\/setonshrine.org\/mass-and-confession\/#breadcrumb"},"inLanguage":"es-MX","potentialAction":[{"@type":"ReadAction","target":["https:\/\/setonshrine.org\/mass-and-confession\/"]}]},{"@type":"BreadcrumbList","@id":"https:\/\/setonshrine.org\/mass-and-confession\/#breadcrumb","itemListElement":[{"@type":"ListItem","position":1,"name":"Home","item":"https:\/\/setonshrine.org\/"},{"@type":"ListItem","position":2,"name":"Join Us in Prayer"}]},{"@type":"WebSite","@id":"https:\/\/setonshrine.org\/#website","url":"https:\/\/setonshrine.org\/","name":"Santuario de Seton","description":"Damos la bienvenida a todos en el Santuario Nacional de Santa Isabel Ana Seton","potentialAction":[{"@type":"SearchAction","target":{"@type":"EntryPoint","urlTemplate":"https:\/\/setonshrine.org\/?s={search_term_string}"},"query-input":{"@type":"PropertyValueSpecification","valueRequired":true,"valueName":"search_term_string"}}],"inLanguage":"es-MX"}]}},"_links":{"self":[{"href":"https:\/\/setonshrine.org\/es\/wp-json\/wp\/v2\/pages\/144","targetHints":{"allow":["GET"]}}],"collection":[{"href":"https:\/\/setonshrine.org\/es\/wp-json\/wp\/v2\/pages"}],"about":[{"href":"https:\/\/setonshrine.org\/es\/wp-json\/wp\/v2\/types\/page"}],"author":[{"embeddable":true,"href":"https:\/\/setonshrine.org\/es\/wp-json\/wp\/v2\/users\/161"}],"replies":[{"embeddable":true,"href":"https:\/\/setonshrine.org\/es\/wp-json\/wp\/v2\/comments?post=144"}],"version-history":[{"count":0,"href":"https:\/\/setonshrine.org\/es\/wp-json\/wp\/v2\/pages\/144\/revisions"}],"wp:attachment":[{"href":"https:\/\/setonshrine.org\/es\/wp-json\/wp\/v2\/media?parent=144"}],"wp:term":[{"taxonomy":"category","embeddable":true,"href":"https:\/\/setonshrine.org\/es\/wp-json\/wp\/v2\/categories?post=144"},{"taxonomy":"post_tag","embeddable":true,"href":"https:\/\/setonshrine.org\/es\/wp-json\/wp\/v2\/tags?post=144"}],"curies":[{"name":"wp","href":"https:\/\/api.w.org\/{rel}","templated":true}]}}