{"id":182610,"date":"2024-04-03T15:05:41","date_gmt":"2024-04-03T19:05:41","guid":{"rendered":"https:\/\/setonshrine.org\/?page_id=182610"},"modified":"2025-01-19T16:28:06","modified_gmt":"2025-01-19T21:28:06","slug":"intogodslight","status":"publish","type":"page","link":"https:\/\/setonshrine.org\/es\/intogodslight\/","title":{"rendered":"A la luz de Dios con Santa Isabel Ana Seton"},"content":{"rendered":"","protected":false},"excerpt":{"rendered":"","protected":false},"author":79,"featured_media":0,"parent":0,"menu_order":0,"comment_status":"closed","ping_status":"closed","template":"templates\/two-column.php","meta":{"_acf_changed":false,"footnotes":""},"categories":[],"tags":[],"class_list":["post-182610","page","type-page","status-publish","hentry"],"acf":[],"yoast_head":"<!-- This site is optimized with the Yoast SEO plugin v27.3 - https:\/\/yoast.com\/product\/yoast-seo-wordpress\/ -->\n<title>Into God&#039;s Light With Saint Elizabeth Ann Seton - Seton Shrine<\/title>\n<meta name=\"description\" content=\"There\u2019s a mental health crisis afflicting young people\u2014an epidemic of anxiety, depression and despair that coincides with a steady decline in religious affiliation. In this series of seven Easter reflections author Paula Huston brings Saint Elizabeth Ann Seton\u2019s spirituality of absolute trust in God&#039;s will to bear on the life challenges and spiritual wounds confronting today&#039;s youth. Join us as we explore how faith can give young people the anchor they need in a cold and harsh world, as they seek to satisfy the deepest desires of their hearts.\" \/>\n<meta name=\"robots\" content=\"index, follow, max-snippet:-1, max-image-preview:large, max-video-preview:-1\" \/>\n<link rel=\"canonical\" href=\"https:\/\/setonshrine.org\/es\/intogodslight\/\" \/>\n<meta name=\"twitter:card\" content=\"summary_large_image\" \/>\n<meta name=\"twitter:title\" content=\"Into God&#039;s Light With Saint Elizabeth Ann Seton - Seton Shrine\" \/>\n<meta name=\"twitter:description\" content=\"There\u2019s a mental health crisis afflicting young people\u2014an epidemic of anxiety, depression and despair that coincides with a steady decline in religious affiliation. In this series of seven Easter reflections author Paula Huston brings Saint Elizabeth Ann Seton\u2019s spirituality of absolute trust in God&#039;s will to bear on the life challenges and spiritual wounds confronting today&#039;s youth. Join us as we explore how faith can give young people the anchor they need in a cold and harsh world, as they seek to satisfy the deepest desires of their hearts.\" \/>\n<meta name=\"twitter:site\" content=\"@SetonShrine\" \/>\n<meta name=\"twitter:label1\" content=\"Est. reading time\" \/>\n\t<meta name=\"twitter:data1\" content=\"6 minutos\" \/>\n<script type=\"application\/ld+json\" class=\"yoast-schema-graph\">{\"@context\":\"https:\\\/\\\/schema.org\",\"@graph\":[{\"@type\":\"WebPage\",\"@id\":\"https:\\\/\\\/setonshrine.org\\\/intogodslight\\\/\",\"url\":\"https:\\\/\\\/setonshrine.org\\\/intogodslight\\\/\",\"name\":\"Into God's Light With Saint Elizabeth Ann Seton - Seton Shrine\",\"isPartOf\":{\"@id\":\"https:\\\/\\\/setonshrine.org\\\/#website\"},\"datePublished\":\"2024-04-03T19:05:41+00:00\",\"dateModified\":\"2025-01-19T21:28:06+00:00\",\"description\":\"There\u2019s a mental health crisis afflicting young people\u2014an epidemic of anxiety, depression and despair that coincides with a steady decline in religious affiliation. In this series of seven Easter reflections author Paula Huston brings Saint Elizabeth Ann Seton\u2019s spirituality of absolute trust in God's will to bear on the life challenges and spiritual wounds confronting today's youth. Join us as we explore how faith can give young people the anchor they need in a cold and harsh world, as they seek to satisfy the deepest desires of their hearts.\",\"breadcrumb\":{\"@id\":\"https:\\\/\\\/setonshrine.org\\\/intogodslight\\\/#breadcrumb\"},\"inLanguage\":\"es-MX\",\"potentialAction\":[{\"@type\":\"ReadAction\",\"target\":[\"https:\\\/\\\/setonshrine.org\\\/intogodslight\\\/\"]}]},{\"@type\":\"BreadcrumbList\",\"@id\":\"https:\\\/\\\/setonshrine.org\\\/intogodslight\\\/#breadcrumb\",\"itemListElement\":[{\"@type\":\"ListItem\",\"position\":1,\"name\":\"Home\",\"item\":\"https:\\\/\\\/setonshrine.org\\\/\"},{\"@type\":\"ListItem\",\"position\":2,\"name\":\"Into God&#8217;s Light With Saint Elizabeth Ann Seton\"}]},{\"@type\":\"WebSite\",\"@id\":\"https:\\\/\\\/setonshrine.org\\\/#website\",\"url\":\"https:\\\/\\\/setonshrine.org\\\/\",\"name\":\"Seton Shrine\",\"description\":\"We Welcome Everyone at The National Shrine of Saint Elizabeth Ann Seton\",\"potentialAction\":[{\"@type\":\"SearchAction\",\"target\":{\"@type\":\"EntryPoint\",\"urlTemplate\":\"https:\\\/\\\/setonshrine.org\\\/?s={search_term_string}\"},\"query-input\":{\"@type\":\"PropertyValueSpecification\",\"valueRequired\":true,\"valueName\":\"search_term_string\"}}],\"inLanguage\":\"es-MX\"}]}<\/script>\n<!-- \/ Yoast SEO plugin. -->","yoast_head_json":{"title":"A la luz de Dios con Santa Isabel Ana Seton - Santuario Seton","description":"Hay una crisis de salud mental que afecta a los j\u00f3venes: una epidemia de ansiedad, depresi\u00f3n y desesperaci\u00f3n que coincide con una disminuci\u00f3n constante de la afiliaci\u00f3n religiosa. En esta serie de siete reflexiones sobre la Pascua, la autora Paula Huston presenta la espiritualidad de Santa Isabel Ana Seton, basada en la confianza absoluta en la voluntad de Dios, para afrontar los retos de la vida y las heridas espirituales a las que se enfrenta la juventud de hoy. Acomp\u00e1\u00f1anos a explorar c\u00f3mo la fe puede dar a los j\u00f3venes el ancla que necesitan en un mundo fr\u00edo y duro, mientras buscan satisfacer los deseos m\u00e1s profundos de su coraz\u00f3n.","robots":{"index":"index","follow":"follow","max-snippet":"max-snippet:-1","max-image-preview":"max-image-preview:large","max-video-preview":"max-video-preview:-1"},"canonical":"https:\/\/setonshrine.org\/es\/intogodslight\/","twitter_card":"summary_large_image","twitter_title":"Into God's Light With Saint Elizabeth Ann Seton - Seton Shrine","twitter_description":"There\u2019s a mental health crisis afflicting young people\u2014an epidemic of anxiety, depression and despair that coincides with a steady decline in religious affiliation. In this series of seven Easter reflections author Paula Huston brings Saint Elizabeth Ann Seton\u2019s spirituality of absolute trust in God's will to bear on the life challenges and spiritual wounds confronting today's youth. Join us as we explore how faith can give young people the anchor they need in a cold and harsh world, as they seek to satisfy the deepest desires of their hearts.","twitter_site":"@SetonShrine","twitter_misc":{"Est. reading time":"6 minutos"},"schema":{"@context":"https:\/\/schema.org","@graph":[{"@type":"WebPage","@id":"https:\/\/setonshrine.org\/intogodslight\/","url":"https:\/\/setonshrine.org\/intogodslight\/","name":"A la luz de Dios con Santa Isabel Ana Seton - Santuario Seton","isPartOf":{"@id":"https:\/\/setonshrine.org\/#website"},"datePublished":"2024-04-03T19:05:41+00:00","dateModified":"2025-01-19T21:28:06+00:00","description":"Hay una crisis de salud mental que afecta a los j\u00f3venes: una epidemia de ansiedad, depresi\u00f3n y desesperaci\u00f3n que coincide con una disminuci\u00f3n constante de la afiliaci\u00f3n religiosa. En esta serie de siete reflexiones sobre la Pascua, la autora Paula Huston presenta la espiritualidad de Santa Isabel Ana Seton, basada en la confianza absoluta en la voluntad de Dios, para afrontar los retos de la vida y las heridas espirituales a las que se enfrenta la juventud de hoy. Acomp\u00e1\u00f1anos a explorar c\u00f3mo la fe puede dar a los j\u00f3venes el ancla que necesitan en un mundo fr\u00edo y duro, mientras buscan satisfacer los deseos m\u00e1s profundos de su coraz\u00f3n.","breadcrumb":{"@id":"https:\/\/setonshrine.org\/intogodslight\/#breadcrumb"},"inLanguage":"es-MX","potentialAction":[{"@type":"ReadAction","target":["https:\/\/setonshrine.org\/intogodslight\/"]}]},{"@type":"BreadcrumbList","@id":"https:\/\/setonshrine.org\/intogodslight\/#breadcrumb","itemListElement":[{"@type":"ListItem","position":1,"name":"Home","item":"https:\/\/setonshrine.org\/"},{"@type":"ListItem","position":2,"name":"Into God&#8217;s Light With Saint Elizabeth Ann Seton"}]},{"@type":"WebSite","@id":"https:\/\/setonshrine.org\/#website","url":"https:\/\/setonshrine.org\/","name":"Santuario de Seton","description":"Damos la bienvenida a todos en el Santuario Nacional de Santa Isabel Ana Seton","potentialAction":[{"@type":"SearchAction","target":{"@type":"EntryPoint","urlTemplate":"https:\/\/setonshrine.org\/?s={search_term_string}"},"query-input":{"@type":"PropertyValueSpecification","valueRequired":true,"valueName":"search_term_string"}}],"inLanguage":"es-MX"}]}},"_links":{"self":[{"href":"https:\/\/setonshrine.org\/es\/wp-json\/wp\/v2\/pages\/182610","targetHints":{"allow":["GET"]}}],"collection":[{"href":"https:\/\/setonshrine.org\/es\/wp-json\/wp\/v2\/pages"}],"about":[{"href":"https:\/\/setonshrine.org\/es\/wp-json\/wp\/v2\/types\/page"}],"author":[{"embeddable":true,"href":"https:\/\/setonshrine.org\/es\/wp-json\/wp\/v2\/users\/79"}],"replies":[{"embeddable":true,"href":"https:\/\/setonshrine.org\/es\/wp-json\/wp\/v2\/comments?post=182610"}],"version-history":[{"count":0,"href":"https:\/\/setonshrine.org\/es\/wp-json\/wp\/v2\/pages\/182610\/revisions"}],"wp:attachment":[{"href":"https:\/\/setonshrine.org\/es\/wp-json\/wp\/v2\/media?parent=182610"}],"wp:term":[{"taxonomy":"category","embeddable":true,"href":"https:\/\/setonshrine.org\/es\/wp-json\/wp\/v2\/categories?post=182610"},{"taxonomy":"post_tag","embeddable":true,"href":"https:\/\/setonshrine.org\/es\/wp-json\/wp\/v2\/tags?post=182610"}],"curies":[{"name":"wp","href":"https:\/\/api.w.org\/{rel}","templated":true}]}}