{"id":197,"date":"2016-01-28T19:24:45","date_gmt":"2016-01-28T19:24:45","guid":{"rendered":"https:\/\/setonshrine.org\/?page_id=197"},"modified":"2026-01-21T11:37:32","modified_gmt":"2026-01-21T16:37:32","slug":"jardin-del-legado-de-seton","status":"publish","type":"page","link":"https:\/\/setonshrine.org\/es\/seton-legacy-garden\/","title":{"rendered":"Jard\u00edn del Legado de Seton"},"content":{"rendered":"","protected":false},"excerpt":{"rendered":"","protected":false},"author":161,"featured_media":0,"parent":0,"menu_order":0,"comment_status":"closed","ping_status":"closed","template":"templates\/two-column.php","meta":{"_acf_changed":false,"footnotes":""},"categories":[],"tags":[],"class_list":["post-197","page","type-page","status-publish","hentry"],"acf":[],"yoast_head":"<!-- This site is optimized with the Yoast SEO plugin v27.3 - https:\/\/yoast.com\/product\/yoast-seo-wordpress\/ -->\n<title>The Seton Legacy Garden<\/title>\n<meta name=\"description\" content=\"The Seton Legacy Garden honors 200 years of history, charity, and dedication begun by Saint Elizabeth Ann Seton in 1809.\" \/>\n<meta name=\"robots\" content=\"index, follow, max-snippet:-1, max-image-preview:large, max-video-preview:-1\" \/>\n<link rel=\"canonical\" href=\"https:\/\/setonshrine.org\/es\/jardin-del-legado-de-seton\/\" \/>\n<meta name=\"twitter:card\" content=\"summary_large_image\" \/>\n<meta name=\"twitter:title\" content=\"The Seton Legacy Garden\" \/>\n<meta name=\"twitter:description\" content=\"The Seton Legacy Garden honors 200 years of history, charity, and dedication begun by Saint Elizabeth Ann Seton in 1809.\" \/>\n<meta name=\"twitter:site\" content=\"@SetonShrine\" \/>\n<meta name=\"twitter:label1\" content=\"Est. reading time\" \/>\n\t<meta name=\"twitter:data1\" content=\"1 minuto\" \/>\n<script type=\"application\/ld+json\" class=\"yoast-schema-graph\">{\"@context\":\"https:\\\/\\\/schema.org\",\"@graph\":[{\"@type\":\"WebPage\",\"@id\":\"https:\\\/\\\/setonshrine.org\\\/seton-legacy-garden\\\/\",\"url\":\"https:\\\/\\\/setonshrine.org\\\/seton-legacy-garden\\\/\",\"name\":\"The Seton Legacy Garden\",\"isPartOf\":{\"@id\":\"https:\\\/\\\/setonshrine.org\\\/#website\"},\"datePublished\":\"2016-01-28T19:24:45+00:00\",\"dateModified\":\"2026-01-21T16:37:32+00:00\",\"description\":\"The Seton Legacy Garden honors 200 years of history, charity, and dedication begun by Saint Elizabeth Ann Seton in 1809.\",\"breadcrumb\":{\"@id\":\"https:\\\/\\\/setonshrine.org\\\/seton-legacy-garden\\\/#breadcrumb\"},\"inLanguage\":\"es-MX\",\"potentialAction\":[{\"@type\":\"ReadAction\",\"target\":[\"https:\\\/\\\/setonshrine.org\\\/seton-legacy-garden\\\/\"]}]},{\"@type\":\"BreadcrumbList\",\"@id\":\"https:\\\/\\\/setonshrine.org\\\/seton-legacy-garden\\\/#breadcrumb\",\"itemListElement\":[{\"@type\":\"ListItem\",\"position\":1,\"name\":\"Home\",\"item\":\"https:\\\/\\\/setonshrine.org\\\/\"},{\"@type\":\"ListItem\",\"position\":2,\"name\":\"Seton Legacy Garden\"}]},{\"@type\":\"WebSite\",\"@id\":\"https:\\\/\\\/setonshrine.org\\\/#website\",\"url\":\"https:\\\/\\\/setonshrine.org\\\/\",\"name\":\"Seton Shrine\",\"description\":\"We Welcome Everyone at The National Shrine of Saint Elizabeth Ann Seton\",\"potentialAction\":[{\"@type\":\"SearchAction\",\"target\":{\"@type\":\"EntryPoint\",\"urlTemplate\":\"https:\\\/\\\/setonshrine.org\\\/?s={search_term_string}\"},\"query-input\":{\"@type\":\"PropertyValueSpecification\",\"valueRequired\":true,\"valueName\":\"search_term_string\"}}],\"inLanguage\":\"es-MX\"}]}<\/script>\n<!-- \/ Yoast SEO plugin. -->","yoast_head_json":{"title":"El Jard\u00edn del Legado de Seton","description":"El Jard\u00edn del Legado de Seton honra 200 a\u00f1os de historia, caridad y dedicaci\u00f3n iniciados por Santa Isabel Ana Seton en 1809.","robots":{"index":"index","follow":"follow","max-snippet":"max-snippet:-1","max-image-preview":"max-image-preview:large","max-video-preview":"max-video-preview:-1"},"canonical":"https:\/\/setonshrine.org\/es\/jardin-del-legado-de-seton\/","twitter_card":"summary_large_image","twitter_title":"The Seton Legacy Garden","twitter_description":"The Seton Legacy Garden honors 200 years of history, charity, and dedication begun by Saint Elizabeth Ann Seton in 1809.","twitter_site":"@SetonShrine","twitter_misc":{"Est. reading time":"1 minuto"},"schema":{"@context":"https:\/\/schema.org","@graph":[{"@type":"WebPage","@id":"https:\/\/setonshrine.org\/seton-legacy-garden\/","url":"https:\/\/setonshrine.org\/seton-legacy-garden\/","name":"El Jard\u00edn del Legado de Seton","isPartOf":{"@id":"https:\/\/setonshrine.org\/#website"},"datePublished":"2016-01-28T19:24:45+00:00","dateModified":"2026-01-21T16:37:32+00:00","description":"El Jard\u00edn del Legado de Seton honra 200 a\u00f1os de historia, caridad y dedicaci\u00f3n iniciados por Santa Isabel Ana Seton en 1809.","breadcrumb":{"@id":"https:\/\/setonshrine.org\/seton-legacy-garden\/#breadcrumb"},"inLanguage":"es-MX","potentialAction":[{"@type":"ReadAction","target":["https:\/\/setonshrine.org\/seton-legacy-garden\/"]}]},{"@type":"BreadcrumbList","@id":"https:\/\/setonshrine.org\/seton-legacy-garden\/#breadcrumb","itemListElement":[{"@type":"ListItem","position":1,"name":"Home","item":"https:\/\/setonshrine.org\/"},{"@type":"ListItem","position":2,"name":"Seton Legacy Garden"}]},{"@type":"WebSite","@id":"https:\/\/setonshrine.org\/#website","url":"https:\/\/setonshrine.org\/","name":"Santuario de Seton","description":"Damos la bienvenida a todos en el Santuario Nacional de Santa Isabel Ana Seton","potentialAction":[{"@type":"SearchAction","target":{"@type":"EntryPoint","urlTemplate":"https:\/\/setonshrine.org\/?s={search_term_string}"},"query-input":{"@type":"PropertyValueSpecification","valueRequired":true,"valueName":"search_term_string"}}],"inLanguage":"es-MX"}]}},"_links":{"self":[{"href":"https:\/\/setonshrine.org\/es\/wp-json\/wp\/v2\/pages\/197","targetHints":{"allow":["GET"]}}],"collection":[{"href":"https:\/\/setonshrine.org\/es\/wp-json\/wp\/v2\/pages"}],"about":[{"href":"https:\/\/setonshrine.org\/es\/wp-json\/wp\/v2\/types\/page"}],"author":[{"embeddable":true,"href":"https:\/\/setonshrine.org\/es\/wp-json\/wp\/v2\/users\/161"}],"replies":[{"embeddable":true,"href":"https:\/\/setonshrine.org\/es\/wp-json\/wp\/v2\/comments?post=197"}],"version-history":[{"count":0,"href":"https:\/\/setonshrine.org\/es\/wp-json\/wp\/v2\/pages\/197\/revisions"}],"wp:attachment":[{"href":"https:\/\/setonshrine.org\/es\/wp-json\/wp\/v2\/media?parent=197"}],"wp:term":[{"taxonomy":"category","embeddable":true,"href":"https:\/\/setonshrine.org\/es\/wp-json\/wp\/v2\/categories?post=197"},{"taxonomy":"post_tag","embeddable":true,"href":"https:\/\/setonshrine.org\/es\/wp-json\/wp\/v2\/tags?post=197"}],"curies":[{"name":"wp","href":"https:\/\/api.w.org\/{rel}","templated":true}]}}