{"id":220232,"date":"2025-08-22T10:11:55","date_gmt":"2025-08-22T14:11:55","guid":{"rendered":"https:\/\/setonshrine.org\/?page_id=220232"},"modified":"2025-08-22T10:13:54","modified_gmt":"2025-08-22T14:13:54","slug":"prayer-requests-sea-services","status":"publish","type":"page","link":"https:\/\/setonshrine.org\/es\/prayer-requests-sea-services\/","title":{"rendered":"Prayer Requests for Sea Services"},"content":{"rendered":"","protected":false},"excerpt":{"rendered":"","protected":false},"author":602,"featured_media":0,"parent":0,"menu_order":0,"comment_status":"closed","ping_status":"closed","template":"templates\/full-width.php","meta":{"_acf_changed":false,"footnotes":""},"categories":[],"tags":[],"class_list":["post-220232","page","type-page","status-publish","hentry"],"acf":[],"yoast_head":"<!-- This site is optimized with the Yoast SEO plugin v27.3 - https:\/\/yoast.com\/product\/yoast-seo-wordpress\/ -->\n<title>Submit Prayer Requests Online at the Shrine of Saint Elizabeth Ann Seton<\/title>\n<meta name=\"description\" content=\"Mother Seton had unwavering faith despite many challenges. Submit an online prayer request to the Shrine and take comfort with support of her intervention.\" \/>\n<meta name=\"robots\" content=\"index, follow, max-snippet:-1, max-image-preview:large, max-video-preview:-1\" \/>\n<link rel=\"canonical\" href=\"https:\/\/setonshrine.org\/es\/prayer-requests-sea-services\/\" \/>\n<meta name=\"twitter:card\" content=\"summary_large_image\" \/>\n<meta name=\"twitter:title\" content=\"Submit Prayer Requests Online at the Shrine of Saint Elizabeth Ann Seton\" \/>\n<meta name=\"twitter:description\" content=\"Mother Seton had unwavering faith despite many challenges. Submit an online prayer request to the Shrine and take comfort with support of her intervention.\" \/>\n<meta name=\"twitter:site\" content=\"@SetonShrine\" \/>\n<meta name=\"twitter:label1\" content=\"Est. reading time\" \/>\n\t<meta name=\"twitter:data1\" content=\"1 minuto\" \/>\n<script type=\"application\/ld+json\" class=\"yoast-schema-graph\">{\"@context\":\"https:\\\/\\\/schema.org\",\"@graph\":[{\"@type\":\"WebPage\",\"@id\":\"https:\\\/\\\/setonshrine.org\\\/prayer-requests-sea-services\\\/\",\"url\":\"https:\\\/\\\/setonshrine.org\\\/prayer-requests-sea-services\\\/\",\"name\":\"Submit Prayer Requests Online at the Shrine of Saint Elizabeth Ann Seton\",\"isPartOf\":{\"@id\":\"https:\\\/\\\/setonshrine.org\\\/#website\"},\"datePublished\":\"2025-08-22T14:11:55+00:00\",\"dateModified\":\"2025-08-22T14:13:54+00:00\",\"description\":\"Mother Seton had unwavering faith despite many challenges. Submit an online prayer request to the Shrine and take comfort with support of her intervention.\",\"breadcrumb\":{\"@id\":\"https:\\\/\\\/setonshrine.org\\\/prayer-requests-sea-services\\\/#breadcrumb\"},\"inLanguage\":\"es-MX\",\"potentialAction\":[{\"@type\":\"ReadAction\",\"target\":[\"https:\\\/\\\/setonshrine.org\\\/prayer-requests-sea-services\\\/\"]}]},{\"@type\":\"BreadcrumbList\",\"@id\":\"https:\\\/\\\/setonshrine.org\\\/prayer-requests-sea-services\\\/#breadcrumb\",\"itemListElement\":[{\"@type\":\"ListItem\",\"position\":1,\"name\":\"Home\",\"item\":\"https:\\\/\\\/setonshrine.org\\\/\"},{\"@type\":\"ListItem\",\"position\":2,\"name\":\"Prayer Requests for Sea Services\"}]},{\"@type\":\"WebSite\",\"@id\":\"https:\\\/\\\/setonshrine.org\\\/#website\",\"url\":\"https:\\\/\\\/setonshrine.org\\\/\",\"name\":\"Seton Shrine\",\"description\":\"We Welcome Everyone at The National Shrine of Saint Elizabeth Ann Seton\",\"potentialAction\":[{\"@type\":\"SearchAction\",\"target\":{\"@type\":\"EntryPoint\",\"urlTemplate\":\"https:\\\/\\\/setonshrine.org\\\/?s={search_term_string}\"},\"query-input\":{\"@type\":\"PropertyValueSpecification\",\"valueRequired\":true,\"valueName\":\"search_term_string\"}}],\"inLanguage\":\"es-MX\"}]}<\/script>\n<!-- \/ Yoast SEO plugin. -->","yoast_head_json":{"title":"Presentar peticiones de oraci\u00f3n en l\u00ednea en el Santuario de Santa Isabel Ana Seton","description":"La Madre Seton tuvo una fe inquebrantable a pesar de muchos desaf\u00edos. Env\u00eda una petici\u00f3n de oraci\u00f3n en l\u00ednea al Santuario y consu\u00e9late con el apoyo de su intervenci\u00f3n.","robots":{"index":"index","follow":"follow","max-snippet":"max-snippet:-1","max-image-preview":"max-image-preview:large","max-video-preview":"max-video-preview:-1"},"canonical":"https:\/\/setonshrine.org\/es\/prayer-requests-sea-services\/","twitter_card":"summary_large_image","twitter_title":"Submit Prayer Requests Online at the Shrine of Saint Elizabeth Ann Seton","twitter_description":"Mother Seton had unwavering faith despite many challenges. Submit an online prayer request to the Shrine and take comfort with support of her intervention.","twitter_site":"@SetonShrine","twitter_misc":{"Est. reading time":"1 minuto"},"schema":{"@context":"https:\/\/schema.org","@graph":[{"@type":"WebPage","@id":"https:\/\/setonshrine.org\/prayer-requests-sea-services\/","url":"https:\/\/setonshrine.org\/prayer-requests-sea-services\/","name":"Presentar peticiones de oraci\u00f3n en l\u00ednea en el Santuario de Santa Isabel Ana Seton","isPartOf":{"@id":"https:\/\/setonshrine.org\/#website"},"datePublished":"2025-08-22T14:11:55+00:00","dateModified":"2025-08-22T14:13:54+00:00","description":"La Madre Seton tuvo una fe inquebrantable a pesar de muchos desaf\u00edos. Env\u00eda una petici\u00f3n de oraci\u00f3n en l\u00ednea al Santuario y consu\u00e9late con el apoyo de su intervenci\u00f3n.","breadcrumb":{"@id":"https:\/\/setonshrine.org\/prayer-requests-sea-services\/#breadcrumb"},"inLanguage":"es-MX","potentialAction":[{"@type":"ReadAction","target":["https:\/\/setonshrine.org\/prayer-requests-sea-services\/"]}]},{"@type":"BreadcrumbList","@id":"https:\/\/setonshrine.org\/prayer-requests-sea-services\/#breadcrumb","itemListElement":[{"@type":"ListItem","position":1,"name":"Home","item":"https:\/\/setonshrine.org\/"},{"@type":"ListItem","position":2,"name":"Prayer Requests for Sea Services"}]},{"@type":"WebSite","@id":"https:\/\/setonshrine.org\/#website","url":"https:\/\/setonshrine.org\/","name":"Santuario de Seton","description":"Damos la bienvenida a todos en el Santuario Nacional de Santa Isabel Ana Seton","potentialAction":[{"@type":"SearchAction","target":{"@type":"EntryPoint","urlTemplate":"https:\/\/setonshrine.org\/?s={search_term_string}"},"query-input":{"@type":"PropertyValueSpecification","valueRequired":true,"valueName":"search_term_string"}}],"inLanguage":"es-MX"}]}},"_links":{"self":[{"href":"https:\/\/setonshrine.org\/es\/wp-json\/wp\/v2\/pages\/220232","targetHints":{"allow":["GET"]}}],"collection":[{"href":"https:\/\/setonshrine.org\/es\/wp-json\/wp\/v2\/pages"}],"about":[{"href":"https:\/\/setonshrine.org\/es\/wp-json\/wp\/v2\/types\/page"}],"author":[{"embeddable":true,"href":"https:\/\/setonshrine.org\/es\/wp-json\/wp\/v2\/users\/602"}],"replies":[{"embeddable":true,"href":"https:\/\/setonshrine.org\/es\/wp-json\/wp\/v2\/comments?post=220232"}],"version-history":[{"count":0,"href":"https:\/\/setonshrine.org\/es\/wp-json\/wp\/v2\/pages\/220232\/revisions"}],"wp:attachment":[{"href":"https:\/\/setonshrine.org\/es\/wp-json\/wp\/v2\/media?parent=220232"}],"wp:term":[{"taxonomy":"category","embeddable":true,"href":"https:\/\/setonshrine.org\/es\/wp-json\/wp\/v2\/categories?post=220232"},{"taxonomy":"post_tag","embeddable":true,"href":"https:\/\/setonshrine.org\/es\/wp-json\/wp\/v2\/tags?post=220232"}],"curies":[{"name":"wp","href":"https:\/\/api.w.org\/{rel}","templated":true}]}}