{"id":41563,"date":"2019-03-15T01:38:28","date_gmt":"2019-03-15T05:38:28","guid":{"rendered":"https:\/\/setonshrine.org\/?page_id=41563"},"modified":"2022-03-18T15:21:57","modified_gmt":"2022-03-18T19:21:57","slug":"tercer-dia-lazos-familiares-me-toca-bailar","status":"publish","type":"page","link":"https:\/\/setonshrine.org\/es\/day-three-family-bonds-my-turn-at-dancing\/","title":{"rendered":"D\u00eda 3 | Lazos familiares: \"Me toca bailar\""},"content":{"rendered":"","protected":false},"excerpt":{"rendered":"","protected":false},"author":272,"featured_media":0,"parent":0,"menu_order":0,"comment_status":"closed","ping_status":"closed","template":"templates\/full-width.php","meta":{"_acf_changed":false,"footnotes":""},"categories":[3965],"tags":[],"class_list":["post-41563","page","type-page","status-publish","hentry","category-15-days-of-prayer"],"acf":[],"yoast_head":"<!-- This site is optimized with the Yoast SEO plugin v27.3 - https:\/\/yoast.com\/product\/yoast-seo-wordpress\/ -->\n<title>Day 3 | Family Bonds: \u201cMy Turn at Dancing\u201d - Seton Shrine<\/title>\n<meta name=\"description\" content=\"Pope Saint John Paul II, reflecting upon the Holy Trinity, said, \u201cGod in his deepest mystery is not a solitude, but a family, since he has in himself fatherhood, sonship and the essence of the family, which is love.\u201d This is God intended for us to live. We are made in his image, so we too are made to be part of a family, a family that both shapes who we are and constitutes the first mission field to which God calls us.\" \/>\n<meta name=\"robots\" content=\"index, follow, max-snippet:-1, max-image-preview:large, max-video-preview:-1\" \/>\n<link rel=\"canonical\" href=\"https:\/\/setonshrine.org\/es\/tercer-dia-lazos-familiares-me-toca-bailar\/\" \/>\n<meta name=\"twitter:card\" content=\"summary_large_image\" \/>\n<meta name=\"twitter:title\" content=\"Day 3 | Family Bonds: \u201cMy Turn at Dancing\u201d - Seton Shrine\" \/>\n<meta name=\"twitter:description\" content=\"Pope Saint John Paul II, reflecting upon the Holy Trinity, said, \u201cGod in his deepest mystery is not a solitude, but a family, since he has in himself fatherhood, sonship and the essence of the family, which is love.\u201d This is God intended for us to live. We are made in his image, so we too are made to be part of a family, a family that both shapes who we are and constitutes the first mission field to which God calls us.\" \/>\n<meta name=\"twitter:site\" content=\"@SetonShrine\" \/>\n<script type=\"application\/ld+json\" class=\"yoast-schema-graph\">{\"@context\":\"https:\\\/\\\/schema.org\",\"@graph\":[{\"@type\":\"WebPage\",\"@id\":\"https:\\\/\\\/setonshrine.org\\\/day-three-family-bonds-my-turn-at-dancing\\\/\",\"url\":\"https:\\\/\\\/setonshrine.org\\\/day-three-family-bonds-my-turn-at-dancing\\\/\",\"name\":\"Day 3 | Family Bonds: \u201cMy Turn at Dancing\u201d - Seton Shrine\",\"isPartOf\":{\"@id\":\"https:\\\/\\\/setonshrine.org\\\/#website\"},\"datePublished\":\"2019-03-15T05:38:28+00:00\",\"dateModified\":\"2022-03-18T19:21:57+00:00\",\"description\":\"Pope Saint John Paul II, reflecting upon the Holy Trinity, said, \u201cGod in his deepest mystery is not a solitude, but a family, since he has in himself fatherhood, sonship and the essence of the family, which is love.\u201d This is God intended for us to live. We are made in his image, so we too are made to be part of a family, a family that both shapes who we are and constitutes the first mission field to which God calls us.\",\"breadcrumb\":{\"@id\":\"https:\\\/\\\/setonshrine.org\\\/day-three-family-bonds-my-turn-at-dancing\\\/#breadcrumb\"},\"inLanguage\":\"es-MX\",\"potentialAction\":[{\"@type\":\"ReadAction\",\"target\":[\"https:\\\/\\\/setonshrine.org\\\/day-three-family-bonds-my-turn-at-dancing\\\/\"]}]},{\"@type\":\"BreadcrumbList\",\"@id\":\"https:\\\/\\\/setonshrine.org\\\/day-three-family-bonds-my-turn-at-dancing\\\/#breadcrumb\",\"itemListElement\":[{\"@type\":\"ListItem\",\"position\":1,\"name\":\"Home\",\"item\":\"https:\\\/\\\/setonshrine.org\\\/\"},{\"@type\":\"ListItem\",\"position\":2,\"name\":\"Day 3 | Family Bonds: \u201cMy Turn at Dancing\u201d\"}]},{\"@type\":\"WebSite\",\"@id\":\"https:\\\/\\\/setonshrine.org\\\/#website\",\"url\":\"https:\\\/\\\/setonshrine.org\\\/\",\"name\":\"Seton Shrine\",\"description\":\"We Welcome Everyone at The National Shrine of Saint Elizabeth Ann Seton\",\"potentialAction\":[{\"@type\":\"SearchAction\",\"target\":{\"@type\":\"EntryPoint\",\"urlTemplate\":\"https:\\\/\\\/setonshrine.org\\\/?s={search_term_string}\"},\"query-input\":{\"@type\":\"PropertyValueSpecification\",\"valueRequired\":true,\"valueName\":\"search_term_string\"}}],\"inLanguage\":\"es-MX\"}]}<\/script>\n<!-- \/ Yoast SEO plugin. -->","yoast_head_json":{"title":"D\u00eda 3 | Lazos de Familia: \"Mi turno de baile\" - Santuario de Seton","description":"El Papa San Juan Pablo II, reflexionando sobre la Sant\u00edsima Trinidad, dijo: \"Dios, en su misterio m\u00e1s profundo, no es una soledad, sino una familia, ya que tiene en s\u00ed mismo la paternidad, la filiaci\u00f3n y la esencia de la familia, que es el amor\". As\u00ed es como Dios quiere que vivamos. Estamos hechos a su imagen, por lo que tambi\u00e9n nosotros estamos hechos para formar parte de una familia, una familia que a la vez da forma a lo que somos y constituye el primer campo de misi\u00f3n al que Dios nos llama.","robots":{"index":"index","follow":"follow","max-snippet":"max-snippet:-1","max-image-preview":"max-image-preview:large","max-video-preview":"max-video-preview:-1"},"canonical":"https:\/\/setonshrine.org\/es\/tercer-dia-lazos-familiares-me-toca-bailar\/","twitter_card":"summary_large_image","twitter_title":"Day 3 | Family Bonds: \u201cMy Turn at Dancing\u201d - Seton Shrine","twitter_description":"Pope Saint John Paul II, reflecting upon the Holy Trinity, said, \u201cGod in his deepest mystery is not a solitude, but a family, since he has in himself fatherhood, sonship and the essence of the family, which is love.\u201d This is God intended for us to live. We are made in his image, so we too are made to be part of a family, a family that both shapes who we are and constitutes the first mission field to which God calls us.","twitter_site":"@SetonShrine","schema":{"@context":"https:\/\/schema.org","@graph":[{"@type":"WebPage","@id":"https:\/\/setonshrine.org\/day-three-family-bonds-my-turn-at-dancing\/","url":"https:\/\/setonshrine.org\/day-three-family-bonds-my-turn-at-dancing\/","name":"D\u00eda 3 | Lazos de Familia: \"Mi turno de baile\" - Santuario de Seton","isPartOf":{"@id":"https:\/\/setonshrine.org\/#website"},"datePublished":"2019-03-15T05:38:28+00:00","dateModified":"2022-03-18T19:21:57+00:00","description":"El Papa San Juan Pablo II, reflexionando sobre la Sant\u00edsima Trinidad, dijo: \"Dios, en su misterio m\u00e1s profundo, no es una soledad, sino una familia, ya que tiene en s\u00ed mismo la paternidad, la filiaci\u00f3n y la esencia de la familia, que es el amor\". As\u00ed es como Dios quiere que vivamos. Estamos hechos a su imagen, por lo que tambi\u00e9n nosotros estamos hechos para formar parte de una familia, una familia que a la vez da forma a lo que somos y constituye el primer campo de misi\u00f3n al que Dios nos llama.","breadcrumb":{"@id":"https:\/\/setonshrine.org\/day-three-family-bonds-my-turn-at-dancing\/#breadcrumb"},"inLanguage":"es-MX","potentialAction":[{"@type":"ReadAction","target":["https:\/\/setonshrine.org\/day-three-family-bonds-my-turn-at-dancing\/"]}]},{"@type":"BreadcrumbList","@id":"https:\/\/setonshrine.org\/day-three-family-bonds-my-turn-at-dancing\/#breadcrumb","itemListElement":[{"@type":"ListItem","position":1,"name":"Home","item":"https:\/\/setonshrine.org\/"},{"@type":"ListItem","position":2,"name":"Day 3 | Family Bonds: \u201cMy Turn at Dancing\u201d"}]},{"@type":"WebSite","@id":"https:\/\/setonshrine.org\/#website","url":"https:\/\/setonshrine.org\/","name":"Santuario de Seton","description":"Damos la bienvenida a todos en el Santuario Nacional de Santa Isabel Ana Seton","potentialAction":[{"@type":"SearchAction","target":{"@type":"EntryPoint","urlTemplate":"https:\/\/setonshrine.org\/?s={search_term_string}"},"query-input":{"@type":"PropertyValueSpecification","valueRequired":true,"valueName":"search_term_string"}}],"inLanguage":"es-MX"}]}},"_links":{"self":[{"href":"https:\/\/setonshrine.org\/es\/wp-json\/wp\/v2\/pages\/41563","targetHints":{"allow":["GET"]}}],"collection":[{"href":"https:\/\/setonshrine.org\/es\/wp-json\/wp\/v2\/pages"}],"about":[{"href":"https:\/\/setonshrine.org\/es\/wp-json\/wp\/v2\/types\/page"}],"author":[{"embeddable":true,"href":"https:\/\/setonshrine.org\/es\/wp-json\/wp\/v2\/users\/272"}],"replies":[{"embeddable":true,"href":"https:\/\/setonshrine.org\/es\/wp-json\/wp\/v2\/comments?post=41563"}],"version-history":[{"count":0,"href":"https:\/\/setonshrine.org\/es\/wp-json\/wp\/v2\/pages\/41563\/revisions"}],"wp:attachment":[{"href":"https:\/\/setonshrine.org\/es\/wp-json\/wp\/v2\/media?parent=41563"}],"wp:term":[{"taxonomy":"category","embeddable":true,"href":"https:\/\/setonshrine.org\/es\/wp-json\/wp\/v2\/categories?post=41563"},{"taxonomy":"post_tag","embeddable":true,"href":"https:\/\/setonshrine.org\/es\/wp-json\/wp\/v2\/tags?post=41563"}],"curies":[{"name":"wp","href":"https:\/\/api.w.org\/{rel}","templated":true}]}}