{"id":42461,"date":"2019-03-28T17:54:35","date_gmt":"2019-03-28T21:54:35","guid":{"rendered":"https:\/\/setonshrine.org\/?page_id=42461"},"modified":"2022-03-18T15:40:13","modified_gmt":"2022-03-18T19:40:13","slug":"octavo-dia-la-madre-de-jesus-no-se-niega-a-nada","status":"publish","type":"page","link":"https:\/\/setonshrine.org\/es\/day-eight-the-mother-of-jesus-refuse-nothing\/","title":{"rendered":"D\u00eda 8 | La Madre de Jes\u00fas: \"No rechaces nada\""},"content":{"rendered":"","protected":false},"excerpt":{"rendered":"","protected":false},"author":272,"featured_media":0,"parent":0,"menu_order":0,"comment_status":"closed","ping_status":"closed","template":"templates\/full-width.php","meta":{"_acf_changed":false,"footnotes":""},"categories":[3965],"tags":[],"class_list":["post-42461","page","type-page","status-publish","hentry","category-15-days-of-prayer"],"acf":[],"yoast_head":"<!-- This site is optimized with the Yoast SEO plugin v27.3 - https:\/\/yoast.com\/product\/yoast-seo-wordpress\/ -->\n<title>Day 8 | The Mother of Jesus: \u201cRefuse Nothing\u201d - Seton Shrine<\/title>\n<meta name=\"description\" content=\"As Elizabeth traveled through Italy with the Filicchi family, the images of Mary she encountered impressed her deeply. The suffering written on Mary\u2019s face at the foot of the cross was a suffering with which Elizabeth could identify. Looking at one image of Mary holding her dead Son, Elizabeth reflected that, \u201cit seems as if his pains had fallen on her.\u201d\" \/>\n<meta name=\"robots\" content=\"index, follow, max-snippet:-1, max-image-preview:large, max-video-preview:-1\" \/>\n<link rel=\"canonical\" href=\"https:\/\/setonshrine.org\/es\/octavo-dia-la-madre-de-jesus-no-se-niega-a-nada\/\" \/>\n<meta name=\"twitter:card\" content=\"summary_large_image\" \/>\n<meta name=\"twitter:title\" content=\"Day 8 | The Mother of Jesus: \u201cRefuse Nothing\u201d - Seton Shrine\" \/>\n<meta name=\"twitter:description\" content=\"As Elizabeth traveled through Italy with the Filicchi family, the images of Mary she encountered impressed her deeply. The suffering written on Mary\u2019s face at the foot of the cross was a suffering with which Elizabeth could identify. Looking at one image of Mary holding her dead Son, Elizabeth reflected that, \u201cit seems as if his pains had fallen on her.\u201d\" \/>\n<meta name=\"twitter:site\" content=\"@SetonShrine\" \/>\n<script type=\"application\/ld+json\" class=\"yoast-schema-graph\">{\"@context\":\"https:\\\/\\\/schema.org\",\"@graph\":[{\"@type\":\"WebPage\",\"@id\":\"https:\\\/\\\/setonshrine.org\\\/day-eight-the-mother-of-jesus-refuse-nothing\\\/\",\"url\":\"https:\\\/\\\/setonshrine.org\\\/day-eight-the-mother-of-jesus-refuse-nothing\\\/\",\"name\":\"Day 8 | The Mother of Jesus: \u201cRefuse Nothing\u201d - Seton Shrine\",\"isPartOf\":{\"@id\":\"https:\\\/\\\/setonshrine.org\\\/#website\"},\"datePublished\":\"2019-03-28T21:54:35+00:00\",\"dateModified\":\"2022-03-18T19:40:13+00:00\",\"description\":\"As Elizabeth traveled through Italy with the Filicchi family, the images of Mary she encountered impressed her deeply. The suffering written on Mary\u2019s face at the foot of the cross was a suffering with which Elizabeth could identify. Looking at one image of Mary holding her dead Son, Elizabeth reflected that, \u201cit seems as if his pains had fallen on her.\u201d\",\"breadcrumb\":{\"@id\":\"https:\\\/\\\/setonshrine.org\\\/day-eight-the-mother-of-jesus-refuse-nothing\\\/#breadcrumb\"},\"inLanguage\":\"es-MX\",\"potentialAction\":[{\"@type\":\"ReadAction\",\"target\":[\"https:\\\/\\\/setonshrine.org\\\/day-eight-the-mother-of-jesus-refuse-nothing\\\/\"]}]},{\"@type\":\"BreadcrumbList\",\"@id\":\"https:\\\/\\\/setonshrine.org\\\/day-eight-the-mother-of-jesus-refuse-nothing\\\/#breadcrumb\",\"itemListElement\":[{\"@type\":\"ListItem\",\"position\":1,\"name\":\"Home\",\"item\":\"https:\\\/\\\/setonshrine.org\\\/\"},{\"@type\":\"ListItem\",\"position\":2,\"name\":\"Day 8 | The Mother of Jesus: \u201cRefuse Nothing\u201d\"}]},{\"@type\":\"WebSite\",\"@id\":\"https:\\\/\\\/setonshrine.org\\\/#website\",\"url\":\"https:\\\/\\\/setonshrine.org\\\/\",\"name\":\"Seton Shrine\",\"description\":\"We Welcome Everyone at The National Shrine of Saint Elizabeth Ann Seton\",\"potentialAction\":[{\"@type\":\"SearchAction\",\"target\":{\"@type\":\"EntryPoint\",\"urlTemplate\":\"https:\\\/\\\/setonshrine.org\\\/?s={search_term_string}\"},\"query-input\":{\"@type\":\"PropertyValueSpecification\",\"valueRequired\":true,\"valueName\":\"search_term_string\"}}],\"inLanguage\":\"es-MX\"}]}<\/script>\n<!-- \/ Yoast SEO plugin. -->","yoast_head_json":{"title":"D\u00eda 8 | La Madre de Jes\u00fas: \"No rechaces nada\" - Santuario de Seton","description":"Cuando Isabel viaj\u00f3 por Italia con la familia Filicchi, las im\u00e1genes de Mar\u00eda que encontr\u00f3 la impresionaron profundamente. El sufrimiento escrito en el rostro de Mar\u00eda al pie de la cruz era un sufrimiento con el que Isabel pod\u00eda identificarse. Contemplando una imagen de Mar\u00eda sosteniendo a su Hijo muerto, Isabel reflexion\u00f3 que \"parece como si sus dolores hubieran reca\u00eddo sobre ella\".","robots":{"index":"index","follow":"follow","max-snippet":"max-snippet:-1","max-image-preview":"max-image-preview:large","max-video-preview":"max-video-preview:-1"},"canonical":"https:\/\/setonshrine.org\/es\/octavo-dia-la-madre-de-jesus-no-se-niega-a-nada\/","twitter_card":"summary_large_image","twitter_title":"Day 8 | The Mother of Jesus: \u201cRefuse Nothing\u201d - Seton Shrine","twitter_description":"As Elizabeth traveled through Italy with the Filicchi family, the images of Mary she encountered impressed her deeply. The suffering written on Mary\u2019s face at the foot of the cross was a suffering with which Elizabeth could identify. Looking at one image of Mary holding her dead Son, Elizabeth reflected that, \u201cit seems as if his pains had fallen on her.\u201d","twitter_site":"@SetonShrine","schema":{"@context":"https:\/\/schema.org","@graph":[{"@type":"WebPage","@id":"https:\/\/setonshrine.org\/day-eight-the-mother-of-jesus-refuse-nothing\/","url":"https:\/\/setonshrine.org\/day-eight-the-mother-of-jesus-refuse-nothing\/","name":"D\u00eda 8 | La Madre de Jes\u00fas: \"No rechaces nada\" - Santuario de Seton","isPartOf":{"@id":"https:\/\/setonshrine.org\/#website"},"datePublished":"2019-03-28T21:54:35+00:00","dateModified":"2022-03-18T19:40:13+00:00","description":"Cuando Isabel viaj\u00f3 por Italia con la familia Filicchi, las im\u00e1genes de Mar\u00eda que encontr\u00f3 la impresionaron profundamente. El sufrimiento escrito en el rostro de Mar\u00eda al pie de la cruz era un sufrimiento con el que Isabel pod\u00eda identificarse. Contemplando una imagen de Mar\u00eda sosteniendo a su Hijo muerto, Isabel reflexion\u00f3 que \"parece como si sus dolores hubieran reca\u00eddo sobre ella\".","breadcrumb":{"@id":"https:\/\/setonshrine.org\/day-eight-the-mother-of-jesus-refuse-nothing\/#breadcrumb"},"inLanguage":"es-MX","potentialAction":[{"@type":"ReadAction","target":["https:\/\/setonshrine.org\/day-eight-the-mother-of-jesus-refuse-nothing\/"]}]},{"@type":"BreadcrumbList","@id":"https:\/\/setonshrine.org\/day-eight-the-mother-of-jesus-refuse-nothing\/#breadcrumb","itemListElement":[{"@type":"ListItem","position":1,"name":"Home","item":"https:\/\/setonshrine.org\/"},{"@type":"ListItem","position":2,"name":"Day 8 | The Mother of Jesus: \u201cRefuse Nothing\u201d"}]},{"@type":"WebSite","@id":"https:\/\/setonshrine.org\/#website","url":"https:\/\/setonshrine.org\/","name":"Santuario de Seton","description":"Damos la bienvenida a todos en el Santuario Nacional de Santa Isabel Ana Seton","potentialAction":[{"@type":"SearchAction","target":{"@type":"EntryPoint","urlTemplate":"https:\/\/setonshrine.org\/?s={search_term_string}"},"query-input":{"@type":"PropertyValueSpecification","valueRequired":true,"valueName":"search_term_string"}}],"inLanguage":"es-MX"}]}},"_links":{"self":[{"href":"https:\/\/setonshrine.org\/es\/wp-json\/wp\/v2\/pages\/42461","targetHints":{"allow":["GET"]}}],"collection":[{"href":"https:\/\/setonshrine.org\/es\/wp-json\/wp\/v2\/pages"}],"about":[{"href":"https:\/\/setonshrine.org\/es\/wp-json\/wp\/v2\/types\/page"}],"author":[{"embeddable":true,"href":"https:\/\/setonshrine.org\/es\/wp-json\/wp\/v2\/users\/272"}],"replies":[{"embeddable":true,"href":"https:\/\/setonshrine.org\/es\/wp-json\/wp\/v2\/comments?post=42461"}],"version-history":[{"count":0,"href":"https:\/\/setonshrine.org\/es\/wp-json\/wp\/v2\/pages\/42461\/revisions"}],"wp:attachment":[{"href":"https:\/\/setonshrine.org\/es\/wp-json\/wp\/v2\/media?parent=42461"}],"wp:term":[{"taxonomy":"category","embeddable":true,"href":"https:\/\/setonshrine.org\/es\/wp-json\/wp\/v2\/categories?post=42461"},{"taxonomy":"post_tag","embeddable":true,"href":"https:\/\/setonshrine.org\/es\/wp-json\/wp\/v2\/tags?post=42461"}],"curies":[{"name":"wp","href":"https:\/\/api.w.org\/{rel}","templated":true}]}}