{"id":42609,"date":"2019-04-02T17:14:40","date_gmt":"2019-04-02T21:14:40","guid":{"rendered":"https:\/\/setonshrine.org\/?page_id=42609"},"modified":"2022-03-18T15:44:09","modified_gmt":"2022-03-18T19:44:09","slug":"dia-diez-amistad-confidente-dime-tu-corazon","status":"publish","type":"page","link":"https:\/\/setonshrine.org\/es\/day-ten-confiding-friendship-tell-me-your-heart\/","title":{"rendered":"D\u00eda 10 | La amistad confidente: \"Cu\u00e9ntame tu coraz\u00f3n\""},"content":{"rendered":"","protected":false},"excerpt":{"rendered":"","protected":false},"author":272,"featured_media":0,"parent":0,"menu_order":0,"comment_status":"closed","ping_status":"closed","template":"templates\/full-width.php","meta":{"_acf_changed":false,"footnotes":""},"categories":[3965],"tags":[],"class_list":["post-42609","page","type-page","status-publish","hentry","category-15-days-of-prayer"],"acf":[],"yoast_head":"<!-- This site is optimized with the Yoast SEO plugin v27.3 - https:\/\/yoast.com\/product\/yoast-seo-wordpress\/ -->\n<title>Day 10 | Confiding Friendship: \u201cTell Me Your Heart\u201d - Seton Shrine<\/title>\n<meta name=\"description\" content=\"Real friendship, she understood, depended on a person\u2019s willingness to share their life and heart, fully and freely, with another. To her friend Catherine Mann Dupleix, St. Elizabeth Ann Seton explained, \u201cour Adored gave us a heart to love each other without restraints, calculations, or fears of saying too much or too little.\u201d\" \/>\n<meta name=\"robots\" content=\"index, follow, max-snippet:-1, max-image-preview:large, max-video-preview:-1\" \/>\n<link rel=\"canonical\" href=\"https:\/\/setonshrine.org\/es\/dia-diez-amistad-confidente-dime-tu-corazon\/\" \/>\n<meta name=\"twitter:card\" content=\"summary_large_image\" \/>\n<meta name=\"twitter:title\" content=\"Day 10 | Confiding Friendship: \u201cTell Me Your Heart\u201d - Seton Shrine\" \/>\n<meta name=\"twitter:description\" content=\"Real friendship, she understood, depended on a person\u2019s willingness to share their life and heart, fully and freely, with another. To her friend Catherine Mann Dupleix, St. Elizabeth Ann Seton explained, \u201cour Adored gave us a heart to love each other without restraints, calculations, or fears of saying too much or too little.\u201d\" \/>\n<meta name=\"twitter:site\" content=\"@SetonShrine\" \/>\n<script type=\"application\/ld+json\" class=\"yoast-schema-graph\">{\"@context\":\"https:\\\/\\\/schema.org\",\"@graph\":[{\"@type\":\"WebPage\",\"@id\":\"https:\\\/\\\/setonshrine.org\\\/day-ten-confiding-friendship-tell-me-your-heart\\\/\",\"url\":\"https:\\\/\\\/setonshrine.org\\\/day-ten-confiding-friendship-tell-me-your-heart\\\/\",\"name\":\"Day 10 | Confiding Friendship: \u201cTell Me Your Heart\u201d - Seton Shrine\",\"isPartOf\":{\"@id\":\"https:\\\/\\\/setonshrine.org\\\/#website\"},\"datePublished\":\"2019-04-02T21:14:40+00:00\",\"dateModified\":\"2022-03-18T19:44:09+00:00\",\"description\":\"Real friendship, she understood, depended on a person\u2019s willingness to share their life and heart, fully and freely, with another. To her friend Catherine Mann Dupleix, St. Elizabeth Ann Seton explained, \u201cour Adored gave us a heart to love each other without restraints, calculations, or fears of saying too much or too little.\u201d\",\"breadcrumb\":{\"@id\":\"https:\\\/\\\/setonshrine.org\\\/day-ten-confiding-friendship-tell-me-your-heart\\\/#breadcrumb\"},\"inLanguage\":\"es-MX\",\"potentialAction\":[{\"@type\":\"ReadAction\",\"target\":[\"https:\\\/\\\/setonshrine.org\\\/day-ten-confiding-friendship-tell-me-your-heart\\\/\"]}]},{\"@type\":\"BreadcrumbList\",\"@id\":\"https:\\\/\\\/setonshrine.org\\\/day-ten-confiding-friendship-tell-me-your-heart\\\/#breadcrumb\",\"itemListElement\":[{\"@type\":\"ListItem\",\"position\":1,\"name\":\"Home\",\"item\":\"https:\\\/\\\/setonshrine.org\\\/\"},{\"@type\":\"ListItem\",\"position\":2,\"name\":\"Day 10 | Confiding Friendship: \u201cTell Me Your Heart\u201d\"}]},{\"@type\":\"WebSite\",\"@id\":\"https:\\\/\\\/setonshrine.org\\\/#website\",\"url\":\"https:\\\/\\\/setonshrine.org\\\/\",\"name\":\"Seton Shrine\",\"description\":\"We Welcome Everyone at The National Shrine of Saint Elizabeth Ann Seton\",\"potentialAction\":[{\"@type\":\"SearchAction\",\"target\":{\"@type\":\"EntryPoint\",\"urlTemplate\":\"https:\\\/\\\/setonshrine.org\\\/?s={search_term_string}\"},\"query-input\":{\"@type\":\"PropertyValueSpecification\",\"valueRequired\":true,\"valueName\":\"search_term_string\"}}],\"inLanguage\":\"es-MX\"}]}<\/script>\n<!-- \/ Yoast SEO plugin. -->","yoast_head_json":{"title":"D\u00eda 10 | Confiando en la amistad: \"Cu\u00e9ntame tu coraz\u00f3n\" - Santuario de Seton","description":"La verdadera amistad, entend\u00eda, depend\u00eda de la voluntad de una persona de compartir su vida y su coraz\u00f3n, plena y libremente, con otra. A su amiga Catherine Mann Dupleix, santa Isabel Ana Seton le explic\u00f3: \"nuestra Adorada nos dio un coraz\u00f3n para amarnos sin restricciones, c\u00e1lculos o temores de decir demasiado o demasiado poco.\"","robots":{"index":"index","follow":"follow","max-snippet":"max-snippet:-1","max-image-preview":"max-image-preview:large","max-video-preview":"max-video-preview:-1"},"canonical":"https:\/\/setonshrine.org\/es\/dia-diez-amistad-confidente-dime-tu-corazon\/","twitter_card":"summary_large_image","twitter_title":"Day 10 | Confiding Friendship: \u201cTell Me Your Heart\u201d - Seton Shrine","twitter_description":"Real friendship, she understood, depended on a person\u2019s willingness to share their life and heart, fully and freely, with another. To her friend Catherine Mann Dupleix, St. Elizabeth Ann Seton explained, \u201cour Adored gave us a heart to love each other without restraints, calculations, or fears of saying too much or too little.\u201d","twitter_site":"@SetonShrine","schema":{"@context":"https:\/\/schema.org","@graph":[{"@type":"WebPage","@id":"https:\/\/setonshrine.org\/day-ten-confiding-friendship-tell-me-your-heart\/","url":"https:\/\/setonshrine.org\/day-ten-confiding-friendship-tell-me-your-heart\/","name":"D\u00eda 10 | Confiando en la amistad: \"Cu\u00e9ntame tu coraz\u00f3n\" - Santuario de Seton","isPartOf":{"@id":"https:\/\/setonshrine.org\/#website"},"datePublished":"2019-04-02T21:14:40+00:00","dateModified":"2022-03-18T19:44:09+00:00","description":"La verdadera amistad, entend\u00eda, depend\u00eda de la voluntad de una persona de compartir su vida y su coraz\u00f3n, plena y libremente, con otra. A su amiga Catherine Mann Dupleix, santa Isabel Ana Seton le explic\u00f3: \"nuestra Adorada nos dio un coraz\u00f3n para amarnos sin restricciones, c\u00e1lculos o temores de decir demasiado o demasiado poco.\"","breadcrumb":{"@id":"https:\/\/setonshrine.org\/day-ten-confiding-friendship-tell-me-your-heart\/#breadcrumb"},"inLanguage":"es-MX","potentialAction":[{"@type":"ReadAction","target":["https:\/\/setonshrine.org\/day-ten-confiding-friendship-tell-me-your-heart\/"]}]},{"@type":"BreadcrumbList","@id":"https:\/\/setonshrine.org\/day-ten-confiding-friendship-tell-me-your-heart\/#breadcrumb","itemListElement":[{"@type":"ListItem","position":1,"name":"Home","item":"https:\/\/setonshrine.org\/"},{"@type":"ListItem","position":2,"name":"Day 10 | Confiding Friendship: \u201cTell Me Your Heart\u201d"}]},{"@type":"WebSite","@id":"https:\/\/setonshrine.org\/#website","url":"https:\/\/setonshrine.org\/","name":"Santuario de Seton","description":"Damos la bienvenida a todos en el Santuario Nacional de Santa Isabel Ana Seton","potentialAction":[{"@type":"SearchAction","target":{"@type":"EntryPoint","urlTemplate":"https:\/\/setonshrine.org\/?s={search_term_string}"},"query-input":{"@type":"PropertyValueSpecification","valueRequired":true,"valueName":"search_term_string"}}],"inLanguage":"es-MX"}]}},"_links":{"self":[{"href":"https:\/\/setonshrine.org\/es\/wp-json\/wp\/v2\/pages\/42609","targetHints":{"allow":["GET"]}}],"collection":[{"href":"https:\/\/setonshrine.org\/es\/wp-json\/wp\/v2\/pages"}],"about":[{"href":"https:\/\/setonshrine.org\/es\/wp-json\/wp\/v2\/types\/page"}],"author":[{"embeddable":true,"href":"https:\/\/setonshrine.org\/es\/wp-json\/wp\/v2\/users\/272"}],"replies":[{"embeddable":true,"href":"https:\/\/setonshrine.org\/es\/wp-json\/wp\/v2\/comments?post=42609"}],"version-history":[{"count":0,"href":"https:\/\/setonshrine.org\/es\/wp-json\/wp\/v2\/pages\/42609\/revisions"}],"wp:attachment":[{"href":"https:\/\/setonshrine.org\/es\/wp-json\/wp\/v2\/media?parent=42609"}],"wp:term":[{"taxonomy":"category","embeddable":true,"href":"https:\/\/setonshrine.org\/es\/wp-json\/wp\/v2\/categories?post=42609"},{"taxonomy":"post_tag","embeddable":true,"href":"https:\/\/setonshrine.org\/es\/wp-json\/wp\/v2\/tags?post=42609"}],"curies":[{"name":"wp","href":"https:\/\/api.w.org\/{rel}","templated":true}]}}