{"id":62519,"date":"2019-12-02T14:40:28","date_gmt":"2019-12-02T19:40:28","guid":{"rendered":"https:\/\/setonshrine.org\/?page_id=62519"},"modified":"2026-04-09T10:34:55","modified_gmt":"2026-04-09T14:34:55","slug":"retiros","status":"publish","type":"page","link":"https:\/\/setonshrine.org\/es\/retreats\/","title":{"rendered":"Retiros"},"content":{"rendered":"<div data-elementor-type=\"wp-page\" data-elementor-id=\"62519\" class=\"elementor elementor-62519\" data-elementor-post-type=\"page\">\n\t\t\t\t\t\t<section class=\"elementor-section elementor-top-section elementor-element elementor-element-c826dbd elementor-section-boxed elementor-section-height-default elementor-section-height-default\" data-id=\"c826dbd\" data-element_type=\"section\" data-settings=\"{&quot;background_background&quot;:&quot;gradient&quot;}\">\n\t\t\t\t\t\t<div class=\"elementor-container elementor-column-gap-default\">\n\t\t\t\t\t<div class=\"elementor-column elementor-col-100 elementor-top-column elementor-element elementor-element-839c6a3\" data-id=\"839c6a3\" data-element_type=\"column\">\n\t\t\t<div class=\"elementor-widget-wrap elementor-element-populated\">\n\t\t\t\t\t\t<div class=\"elementor-element elementor-element-77ffa33 elementor-widget elementor-widget-image\" data-id=\"77ffa33\" data-element_type=\"widget\" data-widget_type=\"image.default\">\n\t\t\t\t<div class=\"elementor-widget-container\">\n\t\t\t\t\t\t\t\t\t\t\t\t\t\t\t<img fetchpriority=\"high\" decoding=\"async\" width=\"1200\" height=\"418\" src=\"https:\/\/setonshrine.org\/wp-content\/uploads\/2019\/11\/Hero-Banner-website.png\" class=\"attachment-full size-full wp-image-60540\" alt=\"\" srcset=\"https:\/\/setonshrine.org\/wp-content\/uploads\/2019\/11\/Hero-Banner-website.png 1200w, https:\/\/setonshrine.org\/wp-content\/uploads\/2019\/11\/Hero-Banner-website-300x105.png 300w, https:\/\/setonshrine.org\/wp-content\/uploads\/2019\/11\/Hero-Banner-website-768x268.png 768w, https:\/\/setonshrine.org\/wp-content\/uploads\/2019\/11\/Hero-Banner-website-1024x357.png 1024w, https:\/\/setonshrine.org\/wp-content\/uploads\/2019\/11\/Hero-Banner-website-400x139.png 400w\" sizes=\"(max-width: 1200px) 100vw, 1200px\" \/>\t\t\t\t\t\t\t\t\t\t\t\t\t\t\t<\/div>\n\t\t\t\t<\/div>\n\t\t\t\t\t<\/div>\n\t\t<\/div>\n\t\t\t\t\t<\/div>\n\t\t<\/section>\n\t\t\t\t<section class=\"elementor-section elementor-top-section elementor-element elementor-element-86ce8dd elementor-section-boxed elementor-section-height-default elementor-section-height-default\" data-id=\"86ce8dd\" data-element_type=\"section\" data-settings=\"{&quot;background_background&quot;:&quot;gradient&quot;}\">\n\t\t\t\t\t\t<div class=\"elementor-container elementor-column-gap-default\">\n\t\t\t\t\t<div class=\"elementor-column elementor-col-50 elementor-top-column elementor-element elementor-element-718326c\" data-id=\"718326c\" data-element_type=\"column\">\n\t\t\t<div class=\"elementor-widget-wrap elementor-element-populated\">\n\t\t\t\t\t\t<div class=\"elementor-element elementor-element-2debdbb elementor-widget elementor-widget-text-editor\" data-id=\"2debdbb\" data-element_type=\"widget\" data-widget_type=\"text-editor.default\">\n\t\t\t\t<div class=\"elementor-widget-container\">\n\t\t\t\t\t\t\t\t\t<h1 class=\"tribe-events-single-event-title\">Footsteps of Freedom Retreat with Meg Hunter-Kilmer<\/h1><p style=\"margin-bottom: var(--tec-spacer-3); line-height: var(--tec-line-height-2); caret-color: #141827; color: #141827; font-family: 'Helvetica Neue', Helvetica, -apple-system, BlinkMacSystemFont, Roboto, Arial, sans-serif;\"><b>June 27, 2026<\/b><\/p><p data-start=\"93\" data-end=\"668\">Spend a day with Catholic missionary and storyteller Meg Hunter-Kilmer as she brings Scripture and the saints to life in a way that\u2019s real, joyful, and deeply relevant.<\/p><p data-start=\"93\" data-end=\"668\"><strong data-start=\"1715\" data-end=\"1764\">Early Bird Registration: $25 (through May 15)<\/strong><br data-start=\"1764\" data-end=\"1767\" \/><strong data-start=\"1770\" data-end=\"1799\">Regular Registration: $30<\/strong><\/p><p>To register, call 301-447-6606 or\u00a0<a href=\"https:\/\/setonshrine.org\/es\/evento\/footsteps-of-freedom-walking-with-jesus-in-our-time-retreat-with-meg-hunter-kilmer\/\">click here<\/a>.<\/p>\t\t\t\t\t\t\t\t<\/div>\n\t\t\t\t<\/div>\n\t\t\t\t<div class=\"elementor-element elementor-element-3f9cbac elementor-align-center elementor-widget elementor-widget-button\" data-id=\"3f9cbac\" data-element_type=\"widget\" data-widget_type=\"button.default\">\n\t\t\t\t<div class=\"elementor-widget-container\">\n\t\t\t\t\t\t\t\t\t<div class=\"elementor-button-wrapper\">\n\t\t\t\t\t<a class=\"elementor-button elementor-button-link elementor-size-lg\" href=\"https:\/\/setonshrine.org\/es\/evento\/footsteps-of-freedom-walking-with-jesus-in-our-time-retreat-with-meg-hunter-kilmer\/\">\n\t\t\t\t\t\t<span class=\"elementor-button-content-wrapper\">\n\t\t\t\t\t\t\t\t\t<span class=\"elementor-button-text\">Reg\u00edstrese aqu\u00ed<\/span>\n\t\t\t\t\t<\/span>\n\t\t\t\t\t<\/a>\n\t\t\t\t<\/div>\n\t\t\t\t\t\t\t\t<\/div>\n\t\t\t\t<\/div>\n\t\t\t\t\t<\/div>\n\t\t<\/div>\n\t\t\t\t<div class=\"elementor-column elementor-col-50 elementor-top-column elementor-element elementor-element-08350c3\" data-id=\"08350c3\" data-element_type=\"column\">\n\t\t\t<div class=\"elementor-widget-wrap elementor-element-populated\">\n\t\t\t\t\t\t<div class=\"elementor-element elementor-element-2c4ec83 elementor-widget elementor-widget-image\" data-id=\"2c4ec83\" data-element_type=\"widget\" data-widget_type=\"image.default\">\n\t\t\t\t<div class=\"elementor-widget-container\">\n\t\t\t\t\t\t\t\t\t\t\t\t\t\t\t\t<a href=\"https:\/\/setonshrine.org\/es\/evento\/footsteps-of-freedom-walking-with-jesus-in-our-time-retreat-with-meg-hunter-kilmer\/\">\n\t\t\t\t\t\t\t<img decoding=\"async\" width=\"1024\" height=\"732\" data-src=\"https:\/\/setonshrine.org\/wp-content\/uploads\/Events-1-2-1024x732.jpg\" class=\"attachment-large size-large wp-image-256422 lazyload\" alt=\"\" data-srcset=\"https:\/\/setonshrine.org\/wp-content\/uploads\/Events-1-2-1024x732.jpg 1024w, https:\/\/setonshrine.org\/wp-content\/uploads\/Events-1-2-300x214.jpg 300w, https:\/\/setonshrine.org\/wp-content\/uploads\/Events-1-2-768x549.jpg 768w, https:\/\/setonshrine.org\/wp-content\/uploads\/Events-1-2-1536x1097.jpg 1536w, https:\/\/setonshrine.org\/wp-content\/uploads\/Events-1-2-18x12.jpg 18w, https:\/\/setonshrine.org\/wp-content\/uploads\/Events-1-2.jpg 2000w\" data-sizes=\"(max-width: 1024px) 100vw, 1024px\" src=\"data:image\/svg+xml;base64,PHN2ZyB3aWR0aD0iMSIgaGVpZ2h0PSIxIiB4bWxucz0iaHR0cDovL3d3dy53My5vcmcvMjAwMC9zdmciPjwvc3ZnPg==\" style=\"--smush-placeholder-width: 1024px; --smush-placeholder-aspect-ratio: 1024\/732;\" \/>\t\t\t\t\t\t\t\t<\/a>\n\t\t\t\t\t\t\t\t\t\t\t\t\t\t\t<\/div>\n\t\t\t\t<\/div>\n\t\t\t\t\t<\/div>\n\t\t<\/div>\n\t\t\t\t\t<\/div>\n\t\t<\/section>\n\t\t\t\t<section class=\"elementor-section elementor-top-section elementor-element elementor-element-7e0db15 elementor-section-boxed elementor-section-height-default elementor-section-height-default\" data-id=\"7e0db15\" data-element_type=\"section\">\n\t\t\t\t\t\t<div class=\"elementor-container elementor-column-gap-default\">\n\t\t\t\t\t<div class=\"elementor-column elementor-col-100 elementor-top-column elementor-element elementor-element-abdff69\" data-id=\"abdff69\" data-element_type=\"column\">\n\t\t\t<div class=\"elementor-widget-wrap elementor-element-populated\">\n\t\t\t\t\t\t<div class=\"elementor-element elementor-element-4a2b1e5 elementor-widget elementor-widget-image\" data-id=\"4a2b1e5\" data-element_type=\"widget\" data-widget_type=\"image.default\">\n\t\t\t\t<div class=\"elementor-widget-container\">\n\t\t\t\t\t\t\t\t\t\t\t\t\t\t\t<img decoding=\"async\" width=\"1200\" height=\"418\" data-src=\"https:\/\/setonshrine.org\/wp-content\/uploads\/2019\/12\/Web-banners-3.png\" class=\"attachment-full size-full wp-image-62524 lazyload\" alt=\"\" data-srcset=\"https:\/\/setonshrine.org\/wp-content\/uploads\/2019\/12\/Web-banners-3.png 1200w, https:\/\/setonshrine.org\/wp-content\/uploads\/2019\/12\/Web-banners-3-300x105.png 300w, https:\/\/setonshrine.org\/wp-content\/uploads\/2019\/12\/Web-banners-3-768x268.png 768w, https:\/\/setonshrine.org\/wp-content\/uploads\/2019\/12\/Web-banners-3-1024x357.png 1024w, https:\/\/setonshrine.org\/wp-content\/uploads\/2019\/12\/Web-banners-3-400x139.png 400w\" data-sizes=\"(max-width: 1200px) 100vw, 1200px\" src=\"data:image\/svg+xml;base64,PHN2ZyB3aWR0aD0iMSIgaGVpZ2h0PSIxIiB4bWxucz0iaHR0cDovL3d3dy53My5vcmcvMjAwMC9zdmciPjwvc3ZnPg==\" style=\"--smush-placeholder-width: 1200px; --smush-placeholder-aspect-ratio: 1200\/418;\" \/>\t\t\t\t\t\t\t\t\t\t\t\t\t\t\t<\/div>\n\t\t\t\t<\/div>\n\t\t\t\t<div class=\"elementor-element elementor-element-88bece4 elementor-widget elementor-widget-text-editor\" data-id=\"88bece4\" data-element_type=\"widget\" data-widget_type=\"text-editor.default\">\n\t\t\t\t<div class=\"elementor-widget-container\">\n\t\t\t\t\t\t\t\t\t<p>Su retiro o peregrinaci\u00f3n debe ser una experiencia enriquecedora para su grupo, as\u00ed como f\u00e1cil de planificar para usted. Comprendemos las exigencias a las que se enfrenta el personal parroquial y diocesano y hemos simplificado nuestro proceso de planificaci\u00f3n para satisfacer sus necesidades. En el Santuario organizamos retiros para grupos de todos los Estados Unidos y Canad\u00e1, y estaremos encantados de trabajar con usted en las necesidades espec\u00edficas de su grupo. Haga clic en el bot\u00f3n de abajo para obtener m\u00e1s informaci\u00f3n.<\/p>\t\t\t\t\t\t\t\t<\/div>\n\t\t\t\t<\/div>\n\t\t\t\t<div class=\"elementor-element elementor-element-33dd7ae elementor-align-center elementor-widget elementor-widget-button\" data-id=\"33dd7ae\" data-element_type=\"widget\" data-widget_type=\"button.default\">\n\t\t\t\t<div class=\"elementor-widget-container\">\n\t\t\t\t\t\t\t\t\t<div class=\"elementor-button-wrapper\">\n\t\t\t\t\t<a class=\"elementor-button elementor-button-link elementor-size-xl\" href=\"http:\/\/setonshrine.org\/es\/retiro-peregrinacion\/\">\n\t\t\t\t\t\t<span class=\"elementor-button-content-wrapper\">\n\t\t\t\t\t\t\t\t\t<span class=\"elementor-button-text\">Planifique su visita aqu\u00ed.<\/span>\n\t\t\t\t\t<\/span>\n\t\t\t\t\t<\/a>\n\t\t\t\t<\/div>\n\t\t\t\t\t\t\t\t<\/div>\n\t\t\t\t<\/div>\n\t\t\t\t\t<\/div>\n\t\t<\/div>\n\t\t\t\t\t<\/div>\n\t\t<\/section>\n\t\t\t\t<\/div>","protected":false},"excerpt":{"rendered":"<p>Footsteps of Freedom Retreat with Meg Hunter-Kilmer June 27, 2026 Spend a day with Catholic missionary and storyteller Meg Hunter-Kilmer&#8230;<\/p>","protected":false},"author":161,"featured_media":0,"parent":0,"menu_order":0,"comment_status":"closed","ping_status":"closed","template":"elementor_header_footer","meta":{"_acf_changed":false,"footnotes":""},"categories":[],"tags":[],"class_list":["post-62519","page","type-page","status-publish","hentry"],"acf":[],"yoast_head":"<!-- This site is optimized with the Yoast SEO plugin v27.3 - https:\/\/yoast.com\/product\/yoast-seo-wordpress\/ -->\n<title>Retreats - Seton Shrine<\/title>\n<meta name=\"robots\" content=\"index, follow, max-snippet:-1, max-image-preview:large, max-video-preview:-1\" \/>\n<link rel=\"canonical\" href=\"https:\/\/setonshrine.org\/es\/retiros\/\" \/>\n<meta name=\"twitter:card\" content=\"summary_large_image\" \/>\n<meta name=\"twitter:title\" content=\"Retreats - Seton Shrine\" \/>\n<meta name=\"twitter:description\" content=\"Footsteps of Freedom Retreat with Meg Hunter-Kilmer June 27, 2026 Spend a day with Catholic missionary and storyteller Meg Hunter-Kilmer...\" \/>\n<meta name=\"twitter:image\" content=\"https:\/\/setonshrine.org\/wp-content\/uploads\/2019\/11\/Hero-Banner-website.png\" \/>\n<meta name=\"twitter:site\" content=\"@SetonShrine\" \/>\n<meta name=\"twitter:label1\" content=\"Est. reading time\" \/>\n\t<meta name=\"twitter:data1\" content=\"2 minutos\" \/>\n<script type=\"application\/ld+json\" class=\"yoast-schema-graph\">{\"@context\":\"https:\\\/\\\/schema.org\",\"@graph\":[{\"@type\":\"WebPage\",\"@id\":\"https:\\\/\\\/setonshrine.org\\\/retreats\\\/\",\"url\":\"https:\\\/\\\/setonshrine.org\\\/retreats\\\/\",\"name\":\"Retreats - Seton Shrine\",\"isPartOf\":{\"@id\":\"https:\\\/\\\/setonshrine.org\\\/#website\"},\"primaryImageOfPage\":{\"@id\":\"https:\\\/\\\/setonshrine.org\\\/retreats\\\/#primaryimage\"},\"image\":{\"@id\":\"https:\\\/\\\/setonshrine.org\\\/retreats\\\/#primaryimage\"},\"thumbnailUrl\":\"https:\\\/\\\/setonshrine.org\\\/wp-content\\\/uploads\\\/2019\\\/11\\\/Hero-Banner-website.png\",\"datePublished\":\"2019-12-02T19:40:28+00:00\",\"dateModified\":\"2026-04-09T14:34:55+00:00\",\"breadcrumb\":{\"@id\":\"https:\\\/\\\/setonshrine.org\\\/retreats\\\/#breadcrumb\"},\"inLanguage\":\"es-MX\",\"potentialAction\":[{\"@type\":\"ReadAction\",\"target\":[\"https:\\\/\\\/setonshrine.org\\\/retreats\\\/\"]}]},{\"@type\":\"ImageObject\",\"inLanguage\":\"es-MX\",\"@id\":\"https:\\\/\\\/setonshrine.org\\\/retreats\\\/#primaryimage\",\"url\":\"https:\\\/\\\/setonshrine.org\\\/wp-content\\\/uploads\\\/2019\\\/11\\\/Hero-Banner-website.png\",\"contentUrl\":\"https:\\\/\\\/setonshrine.org\\\/wp-content\\\/uploads\\\/2019\\\/11\\\/Hero-Banner-website.png\"},{\"@type\":\"BreadcrumbList\",\"@id\":\"https:\\\/\\\/setonshrine.org\\\/retreats\\\/#breadcrumb\",\"itemListElement\":[{\"@type\":\"ListItem\",\"position\":1,\"name\":\"Home\",\"item\":\"https:\\\/\\\/setonshrine.org\\\/\"},{\"@type\":\"ListItem\",\"position\":2,\"name\":\"Retreats\"}]},{\"@type\":\"WebSite\",\"@id\":\"https:\\\/\\\/setonshrine.org\\\/#website\",\"url\":\"https:\\\/\\\/setonshrine.org\\\/\",\"name\":\"Seton Shrine\",\"description\":\"We Welcome Everyone at The National Shrine of Saint Elizabeth Ann Seton\",\"potentialAction\":[{\"@type\":\"SearchAction\",\"target\":{\"@type\":\"EntryPoint\",\"urlTemplate\":\"https:\\\/\\\/setonshrine.org\\\/?s={search_term_string}\"},\"query-input\":{\"@type\":\"PropertyValueSpecification\",\"valueRequired\":true,\"valueName\":\"search_term_string\"}}],\"inLanguage\":\"es-MX\"}]}<\/script>\n<!-- \/ Yoast SEO plugin. -->","yoast_head_json":{"title":"Retiros - Santuario Seton","robots":{"index":"index","follow":"follow","max-snippet":"max-snippet:-1","max-image-preview":"max-image-preview:large","max-video-preview":"max-video-preview:-1"},"canonical":"https:\/\/setonshrine.org\/es\/retiros\/","twitter_card":"summary_large_image","twitter_title":"Retreats - Seton Shrine","twitter_description":"Footsteps of Freedom Retreat with Meg Hunter-Kilmer June 27, 2026 Spend a day with Catholic missionary and storyteller Meg Hunter-Kilmer...","twitter_image":"https:\/\/setonshrine.org\/wp-content\/uploads\/2019\/11\/Hero-Banner-website.png","twitter_site":"@SetonShrine","twitter_misc":{"Est. reading time":"2 minutos"},"schema":{"@context":"https:\/\/schema.org","@graph":[{"@type":"WebPage","@id":"https:\/\/setonshrine.org\/retreats\/","url":"https:\/\/setonshrine.org\/retreats\/","name":"Retiros - Santuario Seton","isPartOf":{"@id":"https:\/\/setonshrine.org\/#website"},"primaryImageOfPage":{"@id":"https:\/\/setonshrine.org\/retreats\/#primaryimage"},"image":{"@id":"https:\/\/setonshrine.org\/retreats\/#primaryimage"},"thumbnailUrl":"https:\/\/setonshrine.org\/wp-content\/uploads\/2019\/11\/Hero-Banner-website.png","datePublished":"2019-12-02T19:40:28+00:00","dateModified":"2026-04-09T14:34:55+00:00","breadcrumb":{"@id":"https:\/\/setonshrine.org\/retreats\/#breadcrumb"},"inLanguage":"es-MX","potentialAction":[{"@type":"ReadAction","target":["https:\/\/setonshrine.org\/retreats\/"]}]},{"@type":"ImageObject","inLanguage":"es-MX","@id":"https:\/\/setonshrine.org\/retreats\/#primaryimage","url":"https:\/\/setonshrine.org\/wp-content\/uploads\/2019\/11\/Hero-Banner-website.png","contentUrl":"https:\/\/setonshrine.org\/wp-content\/uploads\/2019\/11\/Hero-Banner-website.png"},{"@type":"BreadcrumbList","@id":"https:\/\/setonshrine.org\/retreats\/#breadcrumb","itemListElement":[{"@type":"ListItem","position":1,"name":"Home","item":"https:\/\/setonshrine.org\/"},{"@type":"ListItem","position":2,"name":"Retreats"}]},{"@type":"WebSite","@id":"https:\/\/setonshrine.org\/#website","url":"https:\/\/setonshrine.org\/","name":"Santuario de Seton","description":"Damos la bienvenida a todos en el Santuario Nacional de Santa Isabel Ana Seton","potentialAction":[{"@type":"SearchAction","target":{"@type":"EntryPoint","urlTemplate":"https:\/\/setonshrine.org\/?s={search_term_string}"},"query-input":{"@type":"PropertyValueSpecification","valueRequired":true,"valueName":"search_term_string"}}],"inLanguage":"es-MX"}]}},"_links":{"self":[{"href":"https:\/\/setonshrine.org\/es\/wp-json\/wp\/v2\/pages\/62519","targetHints":{"allow":["GET"]}}],"collection":[{"href":"https:\/\/setonshrine.org\/es\/wp-json\/wp\/v2\/pages"}],"about":[{"href":"https:\/\/setonshrine.org\/es\/wp-json\/wp\/v2\/types\/page"}],"author":[{"embeddable":true,"href":"https:\/\/setonshrine.org\/es\/wp-json\/wp\/v2\/users\/161"}],"replies":[{"embeddable":true,"href":"https:\/\/setonshrine.org\/es\/wp-json\/wp\/v2\/comments?post=62519"}],"version-history":[{"count":0,"href":"https:\/\/setonshrine.org\/es\/wp-json\/wp\/v2\/pages\/62519\/revisions"}],"wp:attachment":[{"href":"https:\/\/setonshrine.org\/es\/wp-json\/wp\/v2\/media?parent=62519"}],"wp:term":[{"taxonomy":"category","embeddable":true,"href":"https:\/\/setonshrine.org\/es\/wp-json\/wp\/v2\/categories?post=62519"},{"taxonomy":"post_tag","embeddable":true,"href":"https:\/\/setonshrine.org\/es\/wp-json\/wp\/v2\/tags?post=62519"}],"curies":[{"name":"wp","href":"https:\/\/api.w.org\/{rel}","templated":true}]}}