{"id":78741,"date":"2020-04-01T12:45:50","date_gmt":"2020-04-01T16:45:50","guid":{"rendered":"https:\/\/setonshrine.org\/?page_id=78741"},"modified":"2025-09-30T08:18:14","modified_gmt":"2025-09-30T12:18:14","slug":"en-directo","status":"publish","type":"page","link":"https:\/\/setonshrine.org\/es\/live\/","title":{"rendered":"Retransmisi\u00f3n en directo"},"content":{"rendered":"<div data-elementor-type=\"wp-page\" data-elementor-id=\"78741\" class=\"elementor elementor-78741\" data-elementor-post-type=\"page\">\n\t\t\t\t\t\t<section class=\"elementor-section elementor-top-section elementor-element elementor-element-7f9db45 elementor-section-height-min-height elementor-section-boxed elementor-section-height-default elementor-section-items-middle\" data-id=\"7f9db45\" data-element_type=\"section\" data-settings=\"{&quot;background_background&quot;:&quot;classic&quot;}\">\n\t\t\t\t\t\t<div class=\"elementor-container elementor-column-gap-default\">\n\t\t\t\t\t<div class=\"elementor-column elementor-col-100 elementor-top-column elementor-element elementor-element-dac4da9\" data-id=\"dac4da9\" data-element_type=\"column\">\n\t\t\t<div class=\"elementor-widget-wrap elementor-element-populated\">\n\t\t\t\t\t\t<div class=\"elementor-element elementor-element-140172c elementor-widget elementor-widget-heading\" data-id=\"140172c\" data-element_type=\"widget\" data-widget_type=\"heading.default\">\n\t\t\t\t<div class=\"elementor-widget-container\">\n\t\t\t\t\t<h2 class=\"elementor-heading-title elementor-size-default\">Watch Live<\/h2>\t\t\t\t<\/div>\n\t\t\t\t<\/div>\n\t\t\t\t\t<\/div>\n\t\t<\/div>\n\t\t\t\t\t<\/div>\n\t\t<\/section>\n\t\t\t\t<section class=\"elementor-section elementor-top-section elementor-element elementor-element-0c766ec elementor-section-boxed elementor-section-height-default elementor-section-height-default\" data-id=\"0c766ec\" data-element_type=\"section\" data-settings=\"{&quot;background_background&quot;:&quot;classic&quot;}\">\n\t\t\t\t\t\t<div class=\"elementor-container elementor-column-gap-default\">\n\t\t\t\t\t<div class=\"elementor-column elementor-col-50 elementor-top-column elementor-element elementor-element-d10e3c0\" data-id=\"d10e3c0\" data-element_type=\"column\">\n\t\t\t<div class=\"elementor-widget-wrap elementor-element-populated\">\n\t\t\t\t\t\t<div class=\"elementor-element elementor-element-391d111 elementor-widget elementor-widget-text-editor\" data-id=\"391d111\" data-element_type=\"widget\" data-widget_type=\"text-editor.default\">\n\t\t\t\t<div class=\"elementor-widget-container\">\n\t\t\t\t\t\t\t\t\t<h1 style=\"font-size: 27px; font-family: Cinzel, sans-serif; color: #522b4a;\" data-elementor-setting-key=\"title\" data-pen-placeholder=\"Type Here...\">Note<\/h1><div>If you are having trouble accessing the video, please refresh your screen.<\/div>\t\t\t\t\t\t\t\t<\/div>\n\t\t\t\t<\/div>\n\t\t\t\t\t<\/div>\n\t\t<\/div>\n\t\t\t\t<div class=\"elementor-column elementor-col-50 elementor-top-column elementor-element elementor-element-f21c8b8\" data-id=\"f21c8b8\" data-element_type=\"column\">\n\t\t\t<div class=\"elementor-widget-wrap\">\n\t\t\t\t\t\t\t<\/div>\n\t\t<\/div>\n\t\t\t\t\t<\/div>\n\t\t<\/section>\n\t\t\t\t<section class=\"elementor-section elementor-top-section elementor-element elementor-element-5591a8a elementor-section-boxed elementor-section-height-default elementor-section-height-default\" data-id=\"5591a8a\" data-element_type=\"section\" data-settings=\"{&quot;background_background&quot;:&quot;classic&quot;}\">\n\t\t\t\t\t\t<div class=\"elementor-container elementor-column-gap-default\">\n\t\t\t\t\t<div class=\"elementor-column elementor-col-50 elementor-top-column elementor-element elementor-element-88b0bef\" data-id=\"88b0bef\" data-element_type=\"column\">\n\t\t\t<div class=\"elementor-widget-wrap elementor-element-populated\">\n\t\t\t\t\t\t<div class=\"elementor-element elementor-element-83ef54b elementor-widget elementor-widget-heading\" data-id=\"83ef54b\" data-element_type=\"widget\" data-widget_type=\"heading.default\">\n\t\t\t\t<div class=\"elementor-widget-container\">\n\t\t\t\t\t<h1 class=\"elementor-heading-title elementor-size-default\">Servicios mar\u00edtimos Masa<\/h1>\t\t\t\t<\/div>\n\t\t\t\t<\/div>\n\t\t\t\t<div class=\"elementor-element elementor-element-fc34166 elementor-widget-divider--view-line elementor-widget elementor-widget-divider\" data-id=\"fc34166\" data-element_type=\"widget\" data-widget_type=\"divider.default\">\n\t\t\t\t<div class=\"elementor-widget-container\">\n\t\t\t\t\t\t\t<div class=\"elementor-divider\">\n\t\t\t<span class=\"elementor-divider-separator\">\n\t\t\t\t\t\t<\/span>\n\t\t<\/div>\n\t\t\t\t\t\t<\/div>\n\t\t\t\t<\/div>\n\t\t\t\t<div class=\"elementor-element elementor-element-e02b722 elementor-widget elementor-widget-text-editor\" data-id=\"e02b722\" data-element_type=\"widget\" data-widget_type=\"text-editor.default\">\n\t\t\t\t<div class=\"elementor-widget-container\">\n\t\t\t\t\t\t\t\t\t<p><strong>Sunday, October 5th | 3:30pm EST<\/strong><\/p><p>Join us for this powerful annual Mass on Sunday, October 5th at 3:30pm EST. All are invited to attend in person, watch on EWTN, or view the livestream here.<\/p><p><a href=\"https:\/\/setonshrine.org\/es\/peregrinacion-anual-de-los-servicios-maritimos\/\">Obtenga m\u00e1s informaci\u00f3n sobre la Peregrinaci\u00f3n anual de los Servicios Mar\u00edtimos aqu\u00ed.<\/a><\/p>\t\t\t\t\t\t\t\t<\/div>\n\t\t\t\t<\/div>\n\t\t\t\t\t<\/div>\n\t\t<\/div>\n\t\t\t\t<div class=\"elementor-column elementor-col-50 elementor-top-column elementor-element elementor-element-f555c66\" data-id=\"f555c66\" data-element_type=\"column\">\n\t\t\t<div class=\"elementor-widget-wrap elementor-element-populated\">\n\t\t\t\t\t\t<div class=\"elementor-element elementor-element-5ecefaa elementor-widget elementor-widget-html\" data-id=\"5ecefaa\" data-element_type=\"widget\" data-widget_type=\"html.default\">\n\t\t\t\t<div class=\"elementor-widget-container\">\n\t\t\t\t\t<div style=\"padding:56.25% 0 0 0;position:relative;\"><iframe src=\"https:\/\/vimeo.com\/event\/3654833\/embed\" frameborder=\"0\" allow=\"autoplay; fullscreen; picture-in-picture; web-share\" referrerpolicy=\"strict-origin-when-cross-origin\" allowfullscreen style=\"position:absolute;top:0;left:0;width:100%;height:100%;\"><\/iframe><\/div>\t\t\t\t<\/div>\n\t\t\t\t<\/div>\n\t\t\t\t<div class=\"elementor-element elementor-element-9c2f0c2 elementor-hidden-desktop elementor-hidden-tablet elementor-hidden-mobile elementor-widget elementor-widget-image\" data-id=\"9c2f0c2\" data-element_type=\"widget\" data-widget_type=\"image.default\">\n\t\t\t\t<div class=\"elementor-widget-container\">\n\t\t\t\t\t\t\t\t\t\t\t\t\t\t\t<img fetchpriority=\"high\" decoding=\"async\" width=\"1024\" height=\"624\" src=\"https:\/\/setonshrine.org\/wp-content\/uploads\/2023\/08\/Screen-Shot-2023-08-24-at-9.00.31-AM-1024x624.png\" class=\"attachment-large size-large wp-image-171073\" alt=\"\" srcset=\"https:\/\/setonshrine.org\/wp-content\/uploads\/2023\/08\/Screen-Shot-2023-08-24-at-9.00.31-AM-1024x624.png 1024w, https:\/\/setonshrine.org\/wp-content\/uploads\/2023\/08\/Screen-Shot-2023-08-24-at-9.00.31-AM-300x183.png 300w, https:\/\/setonshrine.org\/wp-content\/uploads\/2023\/08\/Screen-Shot-2023-08-24-at-9.00.31-AM-768x468.png 768w, https:\/\/setonshrine.org\/wp-content\/uploads\/2023\/08\/Screen-Shot-2023-08-24-at-9.00.31-AM-1536x935.png 1536w, https:\/\/setonshrine.org\/wp-content\/uploads\/2023\/08\/Screen-Shot-2023-08-24-at-9.00.31-AM-2048x1247.png 2048w, https:\/\/setonshrine.org\/wp-content\/uploads\/2023\/08\/Screen-Shot-2023-08-24-at-9.00.31-AM-1000x609.png 1000w\" sizes=\"(max-width: 1024px) 100vw, 1024px\" \/>\t\t\t\t\t\t\t\t\t\t\t\t\t\t\t<\/div>\n\t\t\t\t<\/div>\n\t\t\t\t\t<\/div>\n\t\t<\/div>\n\t\t\t\t\t<\/div>\n\t\t<\/section>\n\t\t\t\t<section class=\"elementor-section elementor-top-section elementor-element elementor-element-1bb8555 elementor-hidden-desktop elementor-hidden-tablet elementor-hidden-mobile elementor-section-boxed elementor-section-height-default elementor-section-height-default\" data-id=\"1bb8555\" data-element_type=\"section\" data-settings=\"{&quot;background_background&quot;:&quot;classic&quot;}\">\n\t\t\t\t\t\t<div class=\"elementor-container elementor-column-gap-default\">\n\t\t\t\t\t<div class=\"elementor-column elementor-col-50 elementor-top-column elementor-element elementor-element-19b51e5\" data-id=\"19b51e5\" data-element_type=\"column\">\n\t\t\t<div class=\"elementor-widget-wrap elementor-element-populated\">\n\t\t\t\t\t\t<div class=\"elementor-element elementor-element-5ec0d6c elementor-widget elementor-widget-html\" data-id=\"5ec0d6c\" data-element_type=\"widget\" data-widget_type=\"html.default\">\n\t\t\t\t<div class=\"elementor-widget-container\">\n\t\t\t\t\t<div style=\"padding:56.25% 0 0 0;position:relative;\"><iframe src=\"https:\/\/vimeo.com\/event\/5287384\/embed\" frameborder=\"0\" allow=\"autoplay; fullscreen; picture-in-picture; web-share\" referrerpolicy=\"strict-origin-when-cross-origin\" allowfullscreen style=\"position:absolute;top:0;left:0;width:100%;height:100%;\"><\/iframe><\/div>\t\t\t\t<\/div>\n\t\t\t\t<\/div>\n\t\t\t\t\t<\/div>\n\t\t<\/div>\n\t\t\t\t<div class=\"elementor-column elementor-col-50 elementor-top-column elementor-element elementor-element-613003e\" data-id=\"613003e\" data-element_type=\"column\">\n\t\t\t<div class=\"elementor-widget-wrap elementor-element-populated\">\n\t\t\t\t\t\t<div class=\"elementor-element elementor-element-b84b96a elementor-widget elementor-widget-text-editor\" data-id=\"b84b96a\" data-element_type=\"widget\" data-widget_type=\"text-editor.default\">\n\t\t\t\t<div class=\"elementor-widget-container\">\n\t\t\t\t\t\t\t\t\t<h1 class=\"elementor-heading-title elementor-size-default elementor-inline-editing pen\" style=\"font-size: 27px; font-family: Cinzel, sans-serif; color: #522b4a;\" data-elementor-setting-key=\"title\" data-pen-placeholder=\"Type Here...\">50th Anniversary Celebration Mass<\/h1><div><h1 class=\"elementor-heading-title elementor-size-default elementor-inline-editing pen\" style=\"font-size: 20px; font-family: 'Shippori Antique B1', sans-serif; color: #522b4a;\" data-elementor-setting-key=\"title\" data-pen-placeholder=\"Type Here...\">Sunday, September 14th | 11am EST<\/h1><p>\u00a0<\/p><p>This 50th Anniversary mass will be celebrated by Baltimore Archbishop William E. Lori who will be joined by clergy from the region.<\/p><p>*It will be rebroadcast at 7 pm on EWTN.<\/p><p><a href=\"https:\/\/setonshrine.org\/es\/cincuenta\/\">Learn more about the 50th Anniversary of Mother Seton&#8217;s Canonization here.<\/a><\/p><\/div>\t\t\t\t\t\t\t\t<\/div>\n\t\t\t\t<\/div>\n\t\t\t\t\t<\/div>\n\t\t<\/div>\n\t\t\t\t\t<\/div>\n\t\t<\/section>\n\t\t\t\t<section class=\"elementor-section elementor-top-section elementor-element elementor-element-d581f74 elementor-hidden-desktop elementor-hidden-tablet elementor-hidden-mobile elementor-section-boxed elementor-section-height-default elementor-section-height-default\" data-id=\"d581f74\" data-element_type=\"section\" data-settings=\"{&quot;background_background&quot;:&quot;classic&quot;}\">\n\t\t\t\t\t\t<div class=\"elementor-container elementor-column-gap-default\">\n\t\t\t\t\t<div class=\"elementor-column elementor-col-50 elementor-top-column elementor-element elementor-element-961dc02\" data-id=\"961dc02\" data-element_type=\"column\">\n\t\t\t<div class=\"elementor-widget-wrap elementor-element-populated\">\n\t\t\t\t\t\t<div class=\"elementor-element elementor-element-18a8cef elementor-widget elementor-widget-html\" data-id=\"18a8cef\" data-element_type=\"widget\" data-widget_type=\"html.default\">\n\t\t\t\t<div class=\"elementor-widget-container\">\n\t\t\t\t\t<iframe width=\"560\" height=\"315\" src=\"https:\/\/www.youtube.com\/embed\/M5vG_-zd_pU?si=Rftx5tjyI_Qui0rc\" title=\"YouTube video player\" frameborder=\"0\" allow=\"accelerometer; autoplay; clipboard-write; encrypted-media; gyroscope; picture-in-picture; web-share\" referrerpolicy=\"strict-origin-when-cross-origin\" allowfullscreen><\/iframe>\t\t\t\t<\/div>\n\t\t\t\t<\/div>\n\t\t\t\t\t<\/div>\n\t\t<\/div>\n\t\t\t\t<div class=\"elementor-column elementor-col-50 elementor-top-column elementor-element elementor-element-30c2690\" data-id=\"30c2690\" data-element_type=\"column\">\n\t\t\t<div class=\"elementor-widget-wrap elementor-element-populated\">\n\t\t\t\t\t\t<div class=\"elementor-element elementor-element-d68fb38 elementor-widget elementor-widget-text-editor\" data-id=\"d68fb38\" data-element_type=\"widget\" data-widget_type=\"text-editor.default\">\n\t\t\t\t<div class=\"elementor-widget-container\">\n\t\t\t\t\t\t\t\t\t<h1 style=\"font-size: 27px; font-family: Cinzel, sans-serif; color: #522b4a;\" data-elementor-setting-key=\"title\" data-pen-placeholder=\"Type Here...\">&#8220;Elizabeth Ann Seton, Pope Leo XIV, and the Global Church&#8221; by Kathleen Cummings<\/h1><h1 style=\"font-size: 20px; font-family: 'Shippori Antique B1', sans-serif; color: #522b4a;\" data-elementor-setting-key=\"title\" data-pen-placeholder=\"Type Here...\">Saturday, September 13th | 1:30 pm EST*<\/h1><div>Kathleen Cummings, Notre Dame professor and author of A Saint of Our Own: How the Quest for a Holy Hero Helped Catholics Become American will speak about Saint Elizabeth Ann Seton\u2019s canonization 50 years ago and its relevance today.<\/div><div>\u00a0<\/div><p>*Note: Time is approximate. Livestream will likely begin shortly after 1:30pm.<\/p>\t\t\t\t\t\t\t\t<\/div>\n\t\t\t\t<\/div>\n\t\t\t\t<div class=\"elementor-element elementor-element-dae3b16 elementor-align-center elementor-widget elementor-widget-button\" data-id=\"dae3b16\" data-element_type=\"widget\" data-widget_type=\"button.default\">\n\t\t\t\t<div class=\"elementor-widget-container\">\n\t\t\t\t\t\t\t\t\t<div class=\"elementor-button-wrapper\">\n\t\t\t\t\t<a class=\"elementor-button elementor-button-link elementor-size-sm\" href=\"https:\/\/youtube.com\/live\/M5vG_-zd_pU\">\n\t\t\t\t\t\t<span class=\"elementor-button-content-wrapper\">\n\t\t\t\t\t\t\t\t\t<span class=\"elementor-button-text\">WATCH HERE<\/span>\n\t\t\t\t\t<\/span>\n\t\t\t\t\t<\/a>\n\t\t\t\t<\/div>\n\t\t\t\t\t\t\t\t<\/div>\n\t\t\t\t<\/div>\n\t\t\t\t<div class=\"elementor-element elementor-element-3ccc2aa elementor-widget elementor-widget-video\" data-id=\"3ccc2aa\" data-element_type=\"widget\" data-settings=\"{&quot;youtube_url&quot;:&quot;https:\\\/\\\/youtube.com\\\/live\\\/M5vG_-zd_pU&quot;,&quot;video_type&quot;:&quot;youtube&quot;,&quot;controls&quot;:&quot;yes&quot;}\" data-widget_type=\"video.default\">\n\t\t\t\t<div class=\"elementor-widget-container\">\n\t\t\t\t\t\t\t<div class=\"elementor-wrapper elementor-open-inline\">\n\t\t\t<div class=\"elementor-video\"><\/div>\t\t<\/div>\n\t\t\t\t\t\t<\/div>\n\t\t\t\t<\/div>\n\t\t\t\t\t<\/div>\n\t\t<\/div>\n\t\t\t\t\t<\/div>\n\t\t<\/section>\n\t\t\t\t<\/div>","protected":false},"excerpt":{"rendered":"<p>Watch Live Note If you are having trouble accessing the video, please refresh your screen. Sea Services Mass Sunday, October&#8230;<\/p>","protected":false},"author":161,"featured_media":0,"parent":0,"menu_order":0,"comment_status":"closed","ping_status":"closed","template":"elementor_header_footer","meta":{"_acf_changed":false,"footnotes":""},"categories":[],"tags":[],"class_list":["post-78741","page","type-page","status-publish","hentry"],"acf":[],"yoast_head":"<!-- This site is optimized with the Yoast SEO plugin v27.3 - https:\/\/yoast.com\/product\/yoast-seo-wordpress\/ -->\n<title>Live Stream - Seton Shrine<\/title>\n<meta name=\"robots\" content=\"index, follow, max-snippet:-1, max-image-preview:large, max-video-preview:-1\" \/>\n<link rel=\"canonical\" href=\"https:\/\/setonshrine.org\/es\/en-directo\/\" \/>\n<meta name=\"twitter:card\" content=\"summary_large_image\" \/>\n<meta name=\"twitter:title\" content=\"Live Stream - Seton Shrine\" \/>\n<meta name=\"twitter:description\" content=\"Watch Live Note If you are having trouble accessing the video, please refresh your screen. Sea Services Mass Sunday, October...\" \/>\n<meta name=\"twitter:image\" content=\"https:\/\/setonshrine.org\/wp-content\/uploads\/2023\/08\/Screen-Shot-2023-08-24-at-9.00.31-AM.png\" \/>\n<meta name=\"twitter:site\" content=\"@SetonShrine\" \/>\n<meta name=\"twitter:label1\" content=\"Est. reading time\" \/>\n\t<meta name=\"twitter:data1\" content=\"2 minutos\" \/>\n<script type=\"application\/ld+json\" class=\"yoast-schema-graph\">{\"@context\":\"https:\\\/\\\/schema.org\",\"@graph\":[{\"@type\":\"WebPage\",\"@id\":\"https:\\\/\\\/setonshrine.org\\\/live\\\/\",\"url\":\"https:\\\/\\\/setonshrine.org\\\/live\\\/\",\"name\":\"Live Stream - Seton Shrine\",\"isPartOf\":{\"@id\":\"https:\\\/\\\/setonshrine.org\\\/#website\"},\"primaryImageOfPage\":{\"@id\":\"https:\\\/\\\/setonshrine.org\\\/live\\\/#primaryimage\"},\"image\":{\"@id\":\"https:\\\/\\\/setonshrine.org\\\/live\\\/#primaryimage\"},\"thumbnailUrl\":\"https:\\\/\\\/setonshrine.org\\\/wp-content\\\/uploads\\\/2023\\\/08\\\/Screen-Shot-2023-08-24-at-9.00.31-AM-1024x624.png\",\"datePublished\":\"2020-04-01T16:45:50+00:00\",\"dateModified\":\"2025-09-30T12:18:14+00:00\",\"breadcrumb\":{\"@id\":\"https:\\\/\\\/setonshrine.org\\\/live\\\/#breadcrumb\"},\"inLanguage\":\"es-MX\",\"potentialAction\":[{\"@type\":\"ReadAction\",\"target\":[\"https:\\\/\\\/setonshrine.org\\\/live\\\/\"]}]},{\"@type\":\"ImageObject\",\"inLanguage\":\"es-MX\",\"@id\":\"https:\\\/\\\/setonshrine.org\\\/live\\\/#primaryimage\",\"url\":\"https:\\\/\\\/setonshrine.org\\\/wp-content\\\/uploads\\\/2023\\\/08\\\/Screen-Shot-2023-08-24-at-9.00.31-AM-1024x624.png\",\"contentUrl\":\"https:\\\/\\\/setonshrine.org\\\/wp-content\\\/uploads\\\/2023\\\/08\\\/Screen-Shot-2023-08-24-at-9.00.31-AM-1024x624.png\"},{\"@type\":\"BreadcrumbList\",\"@id\":\"https:\\\/\\\/setonshrine.org\\\/live\\\/#breadcrumb\",\"itemListElement\":[{\"@type\":\"ListItem\",\"position\":1,\"name\":\"Home\",\"item\":\"https:\\\/\\\/setonshrine.org\\\/\"},{\"@type\":\"ListItem\",\"position\":2,\"name\":\"Live Stream\"}]},{\"@type\":\"WebSite\",\"@id\":\"https:\\\/\\\/setonshrine.org\\\/#website\",\"url\":\"https:\\\/\\\/setonshrine.org\\\/\",\"name\":\"Seton Shrine\",\"description\":\"We Welcome Everyone at The National Shrine of Saint Elizabeth Ann Seton\",\"potentialAction\":[{\"@type\":\"SearchAction\",\"target\":{\"@type\":\"EntryPoint\",\"urlTemplate\":\"https:\\\/\\\/setonshrine.org\\\/?s={search_term_string}\"},\"query-input\":{\"@type\":\"PropertyValueSpecification\",\"valueRequired\":true,\"valueName\":\"search_term_string\"}}],\"inLanguage\":\"es-MX\"}]}<\/script>\n<!-- \/ Yoast SEO plugin. -->","yoast_head_json":{"title":"Retransmisi\u00f3n en directo - Santuario de Seton","robots":{"index":"index","follow":"follow","max-snippet":"max-snippet:-1","max-image-preview":"max-image-preview:large","max-video-preview":"max-video-preview:-1"},"canonical":"https:\/\/setonshrine.org\/es\/en-directo\/","twitter_card":"summary_large_image","twitter_title":"Live Stream - Seton Shrine","twitter_description":"Watch Live Note If you are having trouble accessing the video, please refresh your screen. Sea Services Mass Sunday, October...","twitter_image":"https:\/\/setonshrine.org\/wp-content\/uploads\/2023\/08\/Screen-Shot-2023-08-24-at-9.00.31-AM.png","twitter_site":"@SetonShrine","twitter_misc":{"Est. reading time":"2 minutos"},"schema":{"@context":"https:\/\/schema.org","@graph":[{"@type":"WebPage","@id":"https:\/\/setonshrine.org\/live\/","url":"https:\/\/setonshrine.org\/live\/","name":"Retransmisi\u00f3n en directo - Santuario de Seton","isPartOf":{"@id":"https:\/\/setonshrine.org\/#website"},"primaryImageOfPage":{"@id":"https:\/\/setonshrine.org\/live\/#primaryimage"},"image":{"@id":"https:\/\/setonshrine.org\/live\/#primaryimage"},"thumbnailUrl":"https:\/\/setonshrine.org\/wp-content\/uploads\/2023\/08\/Screen-Shot-2023-08-24-at-9.00.31-AM-1024x624.png","datePublished":"2020-04-01T16:45:50+00:00","dateModified":"2025-09-30T12:18:14+00:00","breadcrumb":{"@id":"https:\/\/setonshrine.org\/live\/#breadcrumb"},"inLanguage":"es-MX","potentialAction":[{"@type":"ReadAction","target":["https:\/\/setonshrine.org\/live\/"]}]},{"@type":"ImageObject","inLanguage":"es-MX","@id":"https:\/\/setonshrine.org\/live\/#primaryimage","url":"https:\/\/setonshrine.org\/wp-content\/uploads\/2023\/08\/Screen-Shot-2023-08-24-at-9.00.31-AM-1024x624.png","contentUrl":"https:\/\/setonshrine.org\/wp-content\/uploads\/2023\/08\/Screen-Shot-2023-08-24-at-9.00.31-AM-1024x624.png"},{"@type":"BreadcrumbList","@id":"https:\/\/setonshrine.org\/live\/#breadcrumb","itemListElement":[{"@type":"ListItem","position":1,"name":"Home","item":"https:\/\/setonshrine.org\/"},{"@type":"ListItem","position":2,"name":"Live Stream"}]},{"@type":"WebSite","@id":"https:\/\/setonshrine.org\/#website","url":"https:\/\/setonshrine.org\/","name":"Santuario de Seton","description":"Damos la bienvenida a todos en el Santuario Nacional de Santa Isabel Ana Seton","potentialAction":[{"@type":"SearchAction","target":{"@type":"EntryPoint","urlTemplate":"https:\/\/setonshrine.org\/?s={search_term_string}"},"query-input":{"@type":"PropertyValueSpecification","valueRequired":true,"valueName":"search_term_string"}}],"inLanguage":"es-MX"}]}},"_links":{"self":[{"href":"https:\/\/setonshrine.org\/es\/wp-json\/wp\/v2\/pages\/78741","targetHints":{"allow":["GET"]}}],"collection":[{"href":"https:\/\/setonshrine.org\/es\/wp-json\/wp\/v2\/pages"}],"about":[{"href":"https:\/\/setonshrine.org\/es\/wp-json\/wp\/v2\/types\/page"}],"author":[{"embeddable":true,"href":"https:\/\/setonshrine.org\/es\/wp-json\/wp\/v2\/users\/161"}],"replies":[{"embeddable":true,"href":"https:\/\/setonshrine.org\/es\/wp-json\/wp\/v2\/comments?post=78741"}],"version-history":[{"count":0,"href":"https:\/\/setonshrine.org\/es\/wp-json\/wp\/v2\/pages\/78741\/revisions"}],"wp:attachment":[{"href":"https:\/\/setonshrine.org\/es\/wp-json\/wp\/v2\/media?parent=78741"}],"wp:term":[{"taxonomy":"category","embeddable":true,"href":"https:\/\/setonshrine.org\/es\/wp-json\/wp\/v2\/categories?post=78741"},{"taxonomy":"post_tag","embeddable":true,"href":"https:\/\/setonshrine.org\/es\/wp-json\/wp\/v2\/tags?post=78741"}],"curies":[{"name":"wp","href":"https:\/\/api.w.org\/{rel}","templated":true}]}}