{"id":98020,"date":"2021-01-06T14:32:14","date_gmt":"2021-01-06T19:32:14","guid":{"rendered":"https:\/\/setonshrine.org\/?page_id=98020"},"modified":"2022-03-18T14:47:13","modified_gmt":"2022-03-18T18:47:13","slug":"introduccion-que-es-la-oracion","status":"publish","type":"page","link":"https:\/\/setonshrine.org\/es\/introduction-what-is-prayer\/","title":{"rendered":"Introducci\u00f3n: \u00bfQu\u00e9 es la oraci\u00f3n?"},"content":{"rendered":"","protected":false},"excerpt":{"rendered":"","protected":false},"author":272,"featured_media":0,"parent":0,"menu_order":0,"comment_status":"closed","ping_status":"closed","template":"templates\/full-width.php","meta":{"_acf_changed":false,"footnotes":""},"categories":[3965],"tags":[],"class_list":["post-98020","page","type-page","status-publish","hentry","category-15-days-of-prayer"],"acf":[],"yoast_head":"<!-- This site is optimized with the Yoast SEO plugin v27.3 - https:\/\/yoast.com\/product\/yoast-seo-wordpress\/ -->\n<title>Introduction: What Is Prayer? - Seton Shrine<\/title>\n<meta name=\"description\" content=\"We spend a lot of time figuring out how to pray, and this journey with St. Elizabeth Ann Seton will explore how prayer can and should permeate every aspect of our lives. But, first, let\u2019s establish what prayer is.\" \/>\n<meta name=\"robots\" content=\"index, follow, max-snippet:-1, max-image-preview:large, max-video-preview:-1\" \/>\n<link rel=\"canonical\" href=\"https:\/\/setonshrine.org\/es\/introduccion-que-es-la-oracion\/\" \/>\n<meta name=\"twitter:card\" content=\"summary_large_image\" \/>\n<meta name=\"twitter:title\" content=\"Introduction: What Is Prayer? - Seton Shrine\" \/>\n<meta name=\"twitter:description\" content=\"We spend a lot of time figuring out how to pray, and this journey with St. Elizabeth Ann Seton will explore how prayer can and should permeate every aspect of our lives. But, first, let\u2019s establish what prayer is.\" \/>\n<meta name=\"twitter:site\" content=\"@SetonShrine\" \/>\n<script type=\"application\/ld+json\" class=\"yoast-schema-graph\">{\"@context\":\"https:\\\/\\\/schema.org\",\"@graph\":[{\"@type\":\"WebPage\",\"@id\":\"https:\\\/\\\/setonshrine.org\\\/introduction-what-is-prayer\\\/\",\"url\":\"https:\\\/\\\/setonshrine.org\\\/introduction-what-is-prayer\\\/\",\"name\":\"Introduction: What Is Prayer? - Seton Shrine\",\"isPartOf\":{\"@id\":\"https:\\\/\\\/setonshrine.org\\\/#website\"},\"datePublished\":\"2021-01-06T19:32:14+00:00\",\"dateModified\":\"2022-03-18T18:47:13+00:00\",\"description\":\"We spend a lot of time figuring out how to pray, and this journey with St. Elizabeth Ann Seton will explore how prayer can and should permeate every aspect of our lives. But, first, let\u2019s establish what prayer is.\",\"breadcrumb\":{\"@id\":\"https:\\\/\\\/setonshrine.org\\\/introduction-what-is-prayer\\\/#breadcrumb\"},\"inLanguage\":\"es-MX\",\"potentialAction\":[{\"@type\":\"ReadAction\",\"target\":[\"https:\\\/\\\/setonshrine.org\\\/introduction-what-is-prayer\\\/\"]}]},{\"@type\":\"BreadcrumbList\",\"@id\":\"https:\\\/\\\/setonshrine.org\\\/introduction-what-is-prayer\\\/#breadcrumb\",\"itemListElement\":[{\"@type\":\"ListItem\",\"position\":1,\"name\":\"Home\",\"item\":\"https:\\\/\\\/setonshrine.org\\\/\"},{\"@type\":\"ListItem\",\"position\":2,\"name\":\"Introduction: What Is Prayer?\"}]},{\"@type\":\"WebSite\",\"@id\":\"https:\\\/\\\/setonshrine.org\\\/#website\",\"url\":\"https:\\\/\\\/setonshrine.org\\\/\",\"name\":\"Seton Shrine\",\"description\":\"We Welcome Everyone at The National Shrine of Saint Elizabeth Ann Seton\",\"potentialAction\":[{\"@type\":\"SearchAction\",\"target\":{\"@type\":\"EntryPoint\",\"urlTemplate\":\"https:\\\/\\\/setonshrine.org\\\/?s={search_term_string}\"},\"query-input\":{\"@type\":\"PropertyValueSpecification\",\"valueRequired\":true,\"valueName\":\"search_term_string\"}}],\"inLanguage\":\"es-MX\"}]}<\/script>\n<!-- \/ Yoast SEO plugin. -->","yoast_head_json":{"title":"Introducci\u00f3n: \u00bfQu\u00e9 es la oraci\u00f3n? - Santuario de Seton","description":"Pasamos mucho tiempo pensando c\u00f3mo rezar, y este viaje con Santa Isabel Ana Seton explorar\u00e1 c\u00f3mo la oraci\u00f3n puede y debe impregnar todos los aspectos de nuestras vidas. Pero, primero, establezcamos qu\u00e9 es la oraci\u00f3n.","robots":{"index":"index","follow":"follow","max-snippet":"max-snippet:-1","max-image-preview":"max-image-preview:large","max-video-preview":"max-video-preview:-1"},"canonical":"https:\/\/setonshrine.org\/es\/introduccion-que-es-la-oracion\/","twitter_card":"summary_large_image","twitter_title":"Introduction: What Is Prayer? - Seton Shrine","twitter_description":"We spend a lot of time figuring out how to pray, and this journey with St. Elizabeth Ann Seton will explore how prayer can and should permeate every aspect of our lives. But, first, let\u2019s establish what prayer is.","twitter_site":"@SetonShrine","schema":{"@context":"https:\/\/schema.org","@graph":[{"@type":"WebPage","@id":"https:\/\/setonshrine.org\/introduction-what-is-prayer\/","url":"https:\/\/setonshrine.org\/introduction-what-is-prayer\/","name":"Introducci\u00f3n: \u00bfQu\u00e9 es la oraci\u00f3n? - Santuario de Seton","isPartOf":{"@id":"https:\/\/setonshrine.org\/#website"},"datePublished":"2021-01-06T19:32:14+00:00","dateModified":"2022-03-18T18:47:13+00:00","description":"Pasamos mucho tiempo pensando c\u00f3mo rezar, y este viaje con Santa Isabel Ana Seton explorar\u00e1 c\u00f3mo la oraci\u00f3n puede y debe impregnar todos los aspectos de nuestras vidas. Pero, primero, establezcamos qu\u00e9 es la oraci\u00f3n.","breadcrumb":{"@id":"https:\/\/setonshrine.org\/introduction-what-is-prayer\/#breadcrumb"},"inLanguage":"es-MX","potentialAction":[{"@type":"ReadAction","target":["https:\/\/setonshrine.org\/introduction-what-is-prayer\/"]}]},{"@type":"BreadcrumbList","@id":"https:\/\/setonshrine.org\/introduction-what-is-prayer\/#breadcrumb","itemListElement":[{"@type":"ListItem","position":1,"name":"Home","item":"https:\/\/setonshrine.org\/"},{"@type":"ListItem","position":2,"name":"Introduction: What Is Prayer?"}]},{"@type":"WebSite","@id":"https:\/\/setonshrine.org\/#website","url":"https:\/\/setonshrine.org\/","name":"Santuario de Seton","description":"Damos la bienvenida a todos en el Santuario Nacional de Santa Isabel Ana Seton","potentialAction":[{"@type":"SearchAction","target":{"@type":"EntryPoint","urlTemplate":"https:\/\/setonshrine.org\/?s={search_term_string}"},"query-input":{"@type":"PropertyValueSpecification","valueRequired":true,"valueName":"search_term_string"}}],"inLanguage":"es-MX"}]}},"_links":{"self":[{"href":"https:\/\/setonshrine.org\/es\/wp-json\/wp\/v2\/pages\/98020","targetHints":{"allow":["GET"]}}],"collection":[{"href":"https:\/\/setonshrine.org\/es\/wp-json\/wp\/v2\/pages"}],"about":[{"href":"https:\/\/setonshrine.org\/es\/wp-json\/wp\/v2\/types\/page"}],"author":[{"embeddable":true,"href":"https:\/\/setonshrine.org\/es\/wp-json\/wp\/v2\/users\/272"}],"replies":[{"embeddable":true,"href":"https:\/\/setonshrine.org\/es\/wp-json\/wp\/v2\/comments?post=98020"}],"version-history":[{"count":0,"href":"https:\/\/setonshrine.org\/es\/wp-json\/wp\/v2\/pages\/98020\/revisions"}],"wp:attachment":[{"href":"https:\/\/setonshrine.org\/es\/wp-json\/wp\/v2\/media?parent=98020"}],"wp:term":[{"taxonomy":"category","embeddable":true,"href":"https:\/\/setonshrine.org\/es\/wp-json\/wp\/v2\/categories?post=98020"},{"taxonomy":"post_tag","embeddable":true,"href":"https:\/\/setonshrine.org\/es\/wp-json\/wp\/v2\/tags?post=98020"}],"curies":[{"name":"wp","href":"https:\/\/api.w.org\/{rel}","templated":true}]}}